{"id":4496,"date":"2026-04-14T17:04:38","date_gmt":"2026-04-14T17:04:38","guid":{"rendered":"https:\/\/riojanaturepharma.com\/productos\/"},"modified":"2026-05-06T17:09:17","modified_gmt":"2026-05-06T17:09:17","slug":"produits","status":"publish","type":"page","link":"https:\/\/riojanaturepharma.com\/fr\/produits\/","title":{"rendered":"Produits"},"content":{"rendered":"\t\t<div data-elementor-type=\"wp-page\" data-elementor-id=\"4496\" class=\"elementor elementor-4496 elementor-770\" data-elementor-post-type=\"page\">\n\t\t\t\t<div class=\"elementor-element elementor-element-f208a4d e-con-full e-flex e-con e-parent\" data-id=\"f208a4d\" data-element_type=\"container\" data-e-type=\"container\" data-settings=\"{&quot;background_background&quot;:&quot;classic&quot;}\">\n\t\t<div class=\"elementor-element elementor-element-0cb7069 e-flex e-con-boxed e-con e-child\" data-id=\"0cb7069\" data-element_type=\"container\" data-e-type=\"container\">\n\t\t\t\t\t<div class=\"e-con-inner\">\n\t\t<div class=\"elementor-element elementor-element-613a506 e-con-full e-flex e-con e-child\" data-id=\"613a506\" data-element_type=\"container\" data-e-type=\"container\">\n\t\t\t\t<div class=\"elementor-element elementor-element-2c714c3 elementor-invisible elementor-widget elementor-widget-heading\" data-id=\"2c714c3\" data-element_type=\"widget\" data-e-type=\"widget\" data-settings=\"{&quot;_animation&quot;:&quot;fadeIn&quot;}\" data-widget_type=\"heading.default\">\n\t\t\t\t\t<p class=\"elementor-heading-title elementor-size-default\">Des formats<\/p>\t\t\t\t<\/div>\n\t\t\t\t<div class=\"elementor-element elementor-element-30fe409 elementor-invisible elementor-widget elementor-widget-heading\" data-id=\"30fe409\" data-element_type=\"widget\" data-e-type=\"widget\" data-settings=\"{&quot;_animation&quot;:&quot;fadeIn&quot;}\" data-widget_type=\"heading.default\">\n\t\t\t\t\t<p class=\"elementor-heading-title elementor-size-default\">adapt\u00e9s \u00e0 chaque projet\n<\/p>\t\t\t\t<\/div>\n\t\t<div class=\"elementor-element elementor-element-db69ad3 e-con-full e-flex e-con e-child\" data-id=\"db69ad3\" data-element_type=\"container\" data-e-type=\"container\">\n\t\t<div class=\"elementor-element elementor-element-1f938d7 e-con-full e-flex elementor-invisible e-con e-child\" data-id=\"1f938d7\" data-element_type=\"container\" data-e-type=\"container\" data-settings=\"{&quot;animation&quot;:&quot;fadeInLeft&quot;}\">\n\t\t\t\t<div class=\"elementor-element elementor-element-bbf7fca elementor-widget__width-initial elementor-widget-tablet__width-initial elementor-widget elementor-widget-image\" data-id=\"bbf7fca\" data-element_type=\"widget\" data-e-type=\"widget\" data-widget_type=\"image.default\">\n\t\t\t\t\t\t\t\t\t\t\t\t\t\t\t<img fetchpriority=\"high\" decoding=\"async\" width=\"1080\" height=\"1080\" src=\"https:\/\/riojanaturepharma.com\/wp-content\/uploads\/2026\/04\/productos.gif\" class=\"attachment-full size-full wp-image-4442\" alt=\"\" \/>\t\t\t\t\t\t\t\t\t\t\t\t\t\t\t<\/div>\n\t\t\t\t<\/div>\n\t\t<div class=\"elementor-element elementor-element-a18a839 e-con-full e-flex elementor-invisible e-con e-child\" data-id=\"a18a839\" data-element_type=\"container\" data-e-type=\"container\" data-settings=\"{&quot;animation&quot;:&quot;fadeInRight&quot;}\">\n\t\t\t\t<div class=\"elementor-element elementor-element-e8b89fa elementor-widget-tablet__width-initial elementor-testimonial--skin-default elementor-testimonial--layout-image_inline elementor-testimonial--align-center elementor-pagination-type-bullets elementor-widget elementor-widget-testimonial-carousel\" data-id=\"e8b89fa\" data-element_type=\"widget\" data-e-type=\"widget\" data-settings=\"{&quot;autoplay_speed&quot;:3000,&quot;pagination&quot;:&quot;bullets&quot;,&quot;speed&quot;:500,&quot;autoplay&quot;:&quot;yes&quot;,&quot;loop&quot;:&quot;yes&quot;,&quot;pause_on_hover&quot;:&quot;yes&quot;,&quot;pause_on_interaction&quot;:&quot;yes&quot;,&quot;space_between&quot;:{&quot;unit&quot;:&quot;px&quot;,&quot;size&quot;:10,&quot;sizes&quot;:[]},&quot;space_between_tablet&quot;:{&quot;unit&quot;:&quot;px&quot;,&quot;size&quot;:10,&quot;sizes&quot;:[]},&quot;space_between_mobile&quot;:{&quot;unit&quot;:&quot;px&quot;,&quot;size&quot;:10,&quot;sizes&quot;:[]}}\" data-widget_type=\"testimonial-carousel.default\">\n\t\t\t\t\t\t\t\t\t\t<div class=\"elementor-main-swiper swiper\" role=\"region\" aria-roledescription=\"carousel\" aria-label=\"Diapositivas\">\n\t\t\t\t<div class=\"swiper-wrapper\">\n\t\t\t\t\t\t\t\t\t\t\t<div class=\"swiper-slide\" role=\"group\" aria-roledescription=\"slide\">\n\t\t\t\t\t\t\t\t\t<div class=\"elementor-testimonial\">\n\t\t\t\t\t\t\t<div class=\"elementor-testimonial__content\">\n\t\t\t\t\t<div class=\"elementor-testimonial__text\">\n\t\t\t\t\t\tNous mettons \u00e0 disposition <b>plusieurs lignes de production<\/b> con\u00e7ues pour r\u00e9pondre aux exigences techniques, r\u00e9glementaires et commerciales de chaque projet.\t\t\t\t\t<\/div>\n\t\t\t\t\t\t\t\t\t<\/div>\n\t\t\t\t\t\t<div class=\"elementor-testimonial__footer\">\n\t\t\t\t\t\t\t\t\t\t\t<\/div>\n\t\t<\/div>\n\t\t\t\t\t\t\t\t<\/div>\n\t\t\t\t\t\t\t\t\t\t\t<div class=\"swiper-slide\" role=\"group\" aria-roledescription=\"slide\">\n\t\t\t\t\t\t\t\t\t<div class=\"elementor-testimonial\">\n\t\t\t\t\t\t\t<div class=\"elementor-testimonial__content\">\n\t\t\t\t\t<div class=\"elementor-testimonial__text\">\n\t\t\t\t\t\tNotre <b>capacit\u00e9 industrielle<\/b> nous permet de travailler sur une large <b>diversit\u00e9 de formats<\/b>, tout en garantissant \u00e0 chaque \u00e9tape du processus un haut niveau de stabilit\u00e9, de ma\u00eetrise et de performance op\u00e9rationnelle.\n\t\t\t\t\t<\/div>\n\t\t\t\t\t\t\t\t\t<\/div>\n\t\t\t\t\t\t<div class=\"elementor-testimonial__footer\">\n\t\t\t\t\t\t\t\t\t\t\t<\/div>\n\t\t<\/div>\n\t\t\t\t\t\t\t\t<\/div>\n\t\t\t\t\t\t\t\t\t\t\t<div class=\"swiper-slide\" role=\"group\" aria-roledescription=\"slide\">\n\t\t\t\t\t\t\t\t\t<div class=\"elementor-testimonial\">\n\t\t\t\t\t\t\t<div class=\"elementor-testimonial__content\">\n\t\t\t\t\t<div class=\"elementor-testimonial__text\">\n\t\t\t\t\t\tNous int\u00e9grons des syst\u00e8mes de vision artificielle et des <b>technologies d\u2019inspection avanc\u00e9es<\/b>, afin de <b>garantir la pr\u00e9cision et la r\u00e9gularit\u00e9 de la production<\/b>.\t\t\t\t\t<\/div>\n\t\t\t\t\t\t\t\t\t<\/div>\n\t\t\t\t\t\t<div class=\"elementor-testimonial__footer\">\n\t\t\t\t\t\t\t\t\t\t\t<\/div>\n\t\t<\/div>\n\t\t\t\t\t\t\t\t<\/div>\n\t\t\t\t\t\t\t\t\t<\/div>\n\t\t\t\t\t\t\t\t\t\t\t\t\t\t\t\t\t\t\t\t<div class=\"swiper-pagination\"><\/div>\n\t\t\t\t\t\t\t\t\t\t\t\t<\/div>\n\t\t\t\t\t\t\t\t<\/div>\n\t\t\t\t<\/div>\n\t\t\t\t<\/div>\n\t\t\t\t<\/div>\n\t\t\t\t\t<\/div>\n\t\t\t\t<\/div>\n\t\t\t\t<\/div>\n\t\t<div class=\"elementor-element elementor-element-b404715 e-con-full e-flex e-con e-parent\" data-id=\"b404715\" data-element_type=\"container\" data-e-type=\"container\">\n\t\t<div class=\"elementor-element elementor-element-92cb0da productoc animated-slow e-flex e-con-boxed e-con e-child\" data-id=\"92cb0da\" data-element_type=\"container\" data-e-type=\"container\" data-settings=\"{&quot;background_background&quot;:&quot;classic&quot;,&quot;animation_mobile&quot;:&quot;none&quot;,&quot;animation&quot;:&quot;none&quot;,&quot;animation_delay&quot;:500}\">\n\t\t\t\t\t<div class=\"e-con-inner\">\n\t\t\t\t<div class=\"elementor-element elementor-element-fbc4cef elementor-widget elementor-widget-heading\" data-id=\"fbc4cef\" data-element_type=\"widget\" data-e-type=\"widget\" data-settings=\"{&quot;_animation_mobile&quot;:&quot;fadeInLeft&quot;}\" data-widget_type=\"heading.default\">\n\t\t\t\t\t<p class=\"elementor-heading-title elementor-size-default\"><a href=\"https:\/\/riojanaturepharma.com\/fr\/produits\/softgels\/\" target=\"_blank\">Softgels<\/a><\/p>\t\t\t\t<\/div>\n\t\t\t\t\t<\/div>\n\t\t\t\t<\/div>\n\t\t<div class=\"elementor-element elementor-element-4a5aeb2 productoc animated-slow e-flex e-con-boxed e-con e-child\" data-id=\"4a5aeb2\" data-element_type=\"container\" data-e-type=\"container\" data-settings=\"{&quot;background_background&quot;:&quot;classic&quot;,&quot;animation&quot;:&quot;none&quot;,&quot;animation_mobile&quot;:&quot;none&quot;,&quot;animation_delay&quot;:500}\">\n\t\t\t\t\t<div class=\"e-con-inner\">\n\t\t\t\t<div class=\"elementor-element elementor-element-f2c0645 elementor-widget elementor-widget-heading\" data-id=\"f2c0645\" data-element_type=\"widget\" data-e-type=\"widget\" data-settings=\"{&quot;_animation_mobile&quot;:&quot;fadeInLeft&quot;}\" data-widget_type=\"heading.default\">\n\t\t\t\t\t<p class=\"elementor-heading-title elementor-size-default\"><a href=\"https:\/\/riojanaturepharma.com\/fr\/productos\/gelules\/\" target=\"_blank\">G\u00e9lules<\/a><\/p>\t\t\t\t<\/div>\n\t\t\t\t\t<\/div>\n\t\t\t\t<\/div>\n\t\t<div class=\"elementor-element elementor-element-30c9740 productoc animated-slow e-flex e-con-boxed e-con e-child\" data-id=\"30c9740\" data-element_type=\"container\" data-e-type=\"container\" data-settings=\"{&quot;background_background&quot;:&quot;classic&quot;,&quot;animation&quot;:&quot;none&quot;,&quot;animation_mobile&quot;:&quot;none&quot;,&quot;animation_delay&quot;:500}\">\n\t\t\t\t\t<div class=\"e-con-inner\">\n\t\t\t\t<div class=\"elementor-element elementor-element-a69643d elementor-widget elementor-widget-heading\" data-id=\"a69643d\" data-element_type=\"widget\" data-e-type=\"widget\" data-settings=\"{&quot;_animation_mobile&quot;:&quot;fadeInLeft&quot;}\" data-widget_type=\"heading.default\">\n\t\t\t\t\t<p class=\"elementor-heading-title elementor-size-default\"><a href=\"https:\/\/riojanaturepharma.com\/fr\/productos\/comprimes\/\" target=\"_blank\">Comprim\u00e9s<\/a><\/p>\t\t\t\t<\/div>\n\t\t\t\t\t<\/div>\n\t\t\t\t<\/div>\n\t\t<div class=\"elementor-element elementor-element-dc58ee5 productoc animated-slow e-flex e-con-boxed e-con e-child\" data-id=\"dc58ee5\" data-element_type=\"container\" data-e-type=\"container\" data-settings=\"{&quot;background_background&quot;:&quot;classic&quot;,&quot;animation&quot;:&quot;none&quot;,&quot;animation_mobile&quot;:&quot;none&quot;,&quot;animation_delay&quot;:500}\">\n\t\t\t\t\t<div class=\"e-con-inner\">\n\t\t\t\t<div class=\"elementor-element elementor-element-4ad5081 elementor-widget elementor-widget-heading\" data-id=\"4ad5081\" data-element_type=\"widget\" data-e-type=\"widget\" data-settings=\"{&quot;_animation_mobile&quot;:&quot;fadeInLeft&quot;}\" data-widget_type=\"heading.default\">\n\t\t\t\t\t<p class=\"elementor-heading-title elementor-size-default\"><a href=\"https:\/\/riojanaturepharma.com\/fr\/productos\/poudre\/\" target=\"_blank\">Poudre<\/a><\/p>\t\t\t\t<\/div>\n\t\t\t\t\t<\/div>\n\t\t\t\t<\/div>\n\t\t<div class=\"elementor-element elementor-element-05cd615 productoc animated-slow e-flex e-con-boxed e-con e-child\" data-id=\"05cd615\" data-element_type=\"container\" data-e-type=\"container\" data-settings=\"{&quot;background_background&quot;:&quot;classic&quot;,&quot;animation&quot;:&quot;none&quot;,&quot;animation_mobile&quot;:&quot;none&quot;,&quot;animation_delay&quot;:500}\">\n\t\t\t\t\t<div class=\"e-con-inner\">\n\t\t\t\t<div class=\"elementor-element elementor-element-70ed6d2 elementor-widget elementor-widget-heading\" data-id=\"70ed6d2\" data-element_type=\"widget\" data-e-type=\"widget\" data-settings=\"{&quot;_animation_mobile&quot;:&quot;fadeInLeft&quot;}\" data-widget_type=\"heading.default\">\n\t\t\t\t\t<p class=\"elementor-heading-title elementor-size-default\"><a href=\"https:\/\/riojanaturepharma.com\/fr\/produits\/liquides\/\" target=\"_blank\">Liquides<\/a><\/p>\t\t\t\t<\/div>\n\t\t\t\t\t<\/div>\n\t\t\t\t<\/div>\n\t\t<div class=\"elementor-element elementor-element-8603a30 productoc animated-slow e-flex e-con-boxed e-con e-child\" data-id=\"8603a30\" data-element_type=\"container\" data-e-type=\"container\" data-settings=\"{&quot;background_background&quot;:&quot;classic&quot;,&quot;animation&quot;:&quot;none&quot;,&quot;animation_mobile&quot;:&quot;none&quot;,&quot;animation_delay&quot;:500}\">\n\t\t\t\t\t<div class=\"e-con-inner\">\n\t\t\t\t<div class=\"elementor-element elementor-element-c951a1d elementor-widget elementor-widget-heading\" data-id=\"c951a1d\" data-element_type=\"widget\" data-e-type=\"widget\" data-settings=\"{&quot;_animation_mobile&quot;:&quot;fadeInLeft&quot;}\" data-widget_type=\"heading.default\">\n\t\t\t\t\t<p class=\"elementor-heading-title elementor-size-default\"><a href=\"https:\/\/riojanaturepharma.com\/fr\/productos\/conditionnement\/\" target=\"_blank\">Conditionnement<\/a><\/p>\t\t\t\t<\/div>\n\t\t\t\t\t<\/div>\n\t\t\t\t<\/div>\n\t\t\t\t<\/div>\n\t\t<div class=\"elementor-element elementor-element-367c4f0 e-flex e-con-boxed e-con e-parent\" data-id=\"367c4f0\" data-element_type=\"container\" data-e-type=\"container\" data-settings=\"{&quot;background_background&quot;:&quot;classic&quot;,&quot;animation&quot;:&quot;none&quot;}\">\n\t\t\t\t\t<div class=\"e-con-inner\">\n\t\t\t\t<div class=\"elementor-element elementor-element-630e3e0 elementor-invisible elementor-widget elementor-widget-heading\" data-id=\"630e3e0\" data-element_type=\"widget\" data-e-type=\"widget\" data-settings=\"{&quot;_animation&quot;:&quot;fadeInUp&quot;}\" data-widget_type=\"heading.default\">\n\t\t\t\t\t<p class=\"elementor-heading-title elementor-size-default\"><b>Besoin d\u2019un accompagnement<\/b> pour votre projet ?<\/p>\t\t\t\t<\/div>\n\t\t\t\t<div class=\"elementor-element elementor-element-bb817cd elementor-widget__width-initial elementor-invisible elementor-widget elementor-widget-text-editor\" data-id=\"bb817cd\" data-element_type=\"widget\" data-e-type=\"widget\" data-settings=\"{&quot;_animation&quot;:&quot;fadeInUp&quot;}\" data-widget_type=\"text-editor.default\">\n\t\t\t\t\t\t\t\t\t<p><span style=\"font-weight: 400;\">Nous vous accompagnons dans la d\u00e9finition de la solution la plus adapt\u00e9e, sur les plans technique, industriel et r\u00e9glementaire, pour d\u00e9velopper un produit parfaitement align\u00e9 avec vos objectifs et les exigences de votre march\u00e9.<\/span><\/p>\t\t\t\t\t\t\t\t<\/div>\n\t\t\t\t<div class=\"elementor-element elementor-element-f43af8b elementor-align-right elementor-invisible elementor-widget elementor-widget-button\" data-id=\"f43af8b\" data-element_type=\"widget\" data-e-type=\"widget\" data-settings=\"{&quot;_animation&quot;:&quot;fadeInUp&quot;}\" data-widget_type=\"button.default\">\n\t\t\t\t\t\t\t\t\t\t<a class=\"elementor-button elementor-button-link elementor-size-sm\" href=\"https:\/\/riojanaturepharma.com\/fr\/contact\/\">\n\t\t\t\t\t\t<span class=\"elementor-button-content-wrapper\">\n\t\t\t\t\t\t\t\t\t<span class=\"elementor-button-text\">Contactez-nous<\/span>\n\t\t\t\t\t<\/span>\n\t\t\t\t\t<\/a>\n\t\t\t\t\t\t\t\t<\/div>\n\t\t\t\t\t<\/div>\n\t\t\t\t<\/div>\n\t\t\t\t<\/div>\n\t\t","protected":false},"excerpt":{"rendered":"<p>Des formats adapt\u00e9s \u00e0 chaque projet Nous mettons \u00e0 disposition plusieurs lignes de production con\u00e7ues pour r\u00e9pondre aux exigences techniques, r\u00e9glementaires et commerciales de chaque projet. Notre capacit\u00e9 industrielle nous permet de travailler sur une large diversit\u00e9 de formats, tout en garantissant \u00e0 chaque \u00e9tape du processus un haut niveau de stabilit\u00e9, de ma\u00eetrise et &#8230; <a title=\"Produits\" class=\"read-more\" href=\"https:\/\/riojanaturepharma.com\/fr\/produits\/\" aria-label=\"En savoir plus sur Produits\">Lire la suite<\/a><\/p>\n","protected":false},"author":1,"featured_media":0,"parent":0,"menu_order":0,"comment_status":"closed","ping_status":"closed","template":"elementor_header_footer","meta":{"footnotes":""},"class_list":["post-4496","page","type-page","status-publish"],"yoast_head":"<!-- This site is optimized with the Yoast SEO plugin v27.5 - https:\/\/yoast.com\/product\/yoast-seo-wordpress\/ -->\n<title>Produits<\/title>\n<meta name=\"description\" content=\"Produits\" \/>\n<meta name=\"robots\" content=\"index, follow, max-snippet:-1, max-image-preview:large, max-video-preview:-1\" \/>\n<link rel=\"canonical\" href=\"https:\/\/riojanaturepharma.com\/fr\/produits\/\" \/>\n<meta property=\"og:locale\" content=\"fr_FR\" \/>\n<meta property=\"og:type\" content=\"article\" \/>\n<meta property=\"og:title\" content=\"Produits\" \/>\n<meta property=\"og:description\" content=\"Produits\" \/>\n<meta property=\"og:url\" content=\"https:\/\/riojanaturepharma.com\/fr\/produits\/\" \/>\n<meta property=\"article:modified_time\" content=\"2026-05-06T17:09:17+00:00\" \/>\n<meta property=\"og:image\" content=\"https:\/\/riojanaturepharma.com\/wp-content\/uploads\/2026\/04\/productos-1024x1024.gif\" \/>\n\t<meta property=\"og:image:width\" content=\"1024\" \/>\n\t<meta property=\"og:image:height\" content=\"1024\" \/>\n\t<meta property=\"og:image:type\" content=\"image\/gif\" \/>\n<meta name=\"twitter:card\" content=\"summary_large_image\" \/>\n<meta name=\"twitter:label1\" content=\"Dur\u00e9e de lecture estim\u00e9e\" \/>\n\t<meta name=\"twitter:data1\" content=\"1 minute\" \/>\n<script type=\"application\/ld+json\" class=\"yoast-schema-graph\">{\"@context\":\"https:\\\/\\\/schema.org\",\"@graph\":[{\"@type\":\"WebPage\",\"@id\":\"https:\\\/\\\/riojanaturepharma.com\\\/fr\\\/produits\\\/\",\"url\":\"https:\\\/\\\/riojanaturepharma.com\\\/fr\\\/produits\\\/\",\"name\":\"Produits\",\"isPartOf\":{\"@id\":\"https:\\\/\\\/riojanaturepharma.com\\\/fr\\\/#website\"},\"primaryImageOfPage\":{\"@id\":\"https:\\\/\\\/riojanaturepharma.com\\\/fr\\\/produits\\\/#primaryimage\"},\"image\":{\"@id\":\"https:\\\/\\\/riojanaturepharma.com\\\/fr\\\/produits\\\/#primaryimage\"},\"thumbnailUrl\":\"https:\\\/\\\/riojanaturepharma.com\\\/wp-content\\\/uploads\\\/2026\\\/04\\\/productos.gif\",\"datePublished\":\"2026-04-14T17:04:38+00:00\",\"dateModified\":\"2026-05-06T17:09:17+00:00\",\"description\":\"Produits\",\"breadcrumb\":{\"@id\":\"https:\\\/\\\/riojanaturepharma.com\\\/fr\\\/produits\\\/#breadcrumb\"},\"inLanguage\":\"fr-FR\",\"potentialAction\":[{\"@type\":\"ReadAction\",\"target\":[\"https:\\\/\\\/riojanaturepharma.com\\\/fr\\\/produits\\\/\"]}]},{\"@type\":\"ImageObject\",\"inLanguage\":\"fr-FR\",\"@id\":\"https:\\\/\\\/riojanaturepharma.com\\\/fr\\\/produits\\\/#primaryimage\",\"url\":\"https:\\\/\\\/riojanaturepharma.com\\\/wp-content\\\/uploads\\\/2026\\\/04\\\/productos.gif\",\"contentUrl\":\"https:\\\/\\\/riojanaturepharma.com\\\/wp-content\\\/uploads\\\/2026\\\/04\\\/productos.gif\"},{\"@type\":\"BreadcrumbList\",\"@id\":\"https:\\\/\\\/riojanaturepharma.com\\\/fr\\\/produits\\\/#breadcrumb\",\"itemListElement\":[{\"@type\":\"ListItem\",\"position\":1,\"name\":\"Portada\",\"item\":\"https:\\\/\\\/riojanaturepharma.com\\\/fr\\\/\"},{\"@type\":\"ListItem\",\"position\":2,\"name\":\"Produits\"}]},{\"@type\":\"WebSite\",\"@id\":\"https:\\\/\\\/riojanaturepharma.com\\\/fr\\\/#website\",\"url\":\"https:\\\/\\\/riojanaturepharma.com\\\/fr\\\/\",\"name\":\"Rioja Nature Pharma\",\"description\":\"Laboratorio de Complementos Alimenticios\",\"publisher\":{\"@id\":\"https:\\\/\\\/riojanaturepharma.com\\\/fr\\\/#organization\"},\"alternateName\":\"RNP\",\"potentialAction\":[{\"@type\":\"SearchAction\",\"target\":{\"@type\":\"EntryPoint\",\"urlTemplate\":\"https:\\\/\\\/riojanaturepharma.com\\\/fr\\\/?s={search_term_string}\"},\"query-input\":{\"@type\":\"PropertyValueSpecification\",\"valueRequired\":true,\"valueName\":\"search_term_string\"}}],\"inLanguage\":\"fr-FR\"},{\"@type\":\"Organization\",\"@id\":\"https:\\\/\\\/riojanaturepharma.com\\\/fr\\\/#organization\",\"name\":\"Rioja Nature Pharma\",\"alternateName\":\"RNP\",\"url\":\"https:\\\/\\\/riojanaturepharma.com\\\/fr\\\/\",\"logo\":{\"@type\":\"ImageObject\",\"inLanguage\":\"fr-FR\",\"@id\":\"https:\\\/\\\/riojanaturepharma.com\\\/fr\\\/#\\\/schema\\\/logo\\\/image\\\/\",\"url\":\"https:\\\/\\\/riojanaturepharma.com\\\/wp-content\\\/uploads\\\/2026\\\/04\\\/naturepharma_logo.png\",\"contentUrl\":\"https:\\\/\\\/riojanaturepharma.com\\\/wp-content\\\/uploads\\\/2026\\\/04\\\/naturepharma_logo.png\",\"width\":600,\"height\":104,\"caption\":\"Rioja Nature Pharma\"},\"image\":{\"@id\":\"https:\\\/\\\/riojanaturepharma.com\\\/fr\\\/#\\\/schema\\\/logo\\\/image\\\/\"}}]}<\/script>\n<!-- \/ Yoast SEO plugin. -->","yoast_head_json":{"title":"Produits","description":"Produits","robots":{"index":"index","follow":"follow","max-snippet":"max-snippet:-1","max-image-preview":"max-image-preview:large","max-video-preview":"max-video-preview:-1"},"canonical":"https:\/\/riojanaturepharma.com\/fr\/produits\/","og_locale":"fr_FR","og_type":"article","og_title":"Produits","og_description":"Produits","og_url":"https:\/\/riojanaturepharma.com\/fr\/produits\/","article_modified_time":"2026-05-06T17:09:17+00:00","og_image":[{"width":1024,"height":1024,"url":"https:\/\/riojanaturepharma.com\/wp-content\/uploads\/2026\/04\/productos-1024x1024.gif","type":"image\/gif"}],"twitter_card":"summary_large_image","twitter_misc":{"Dur\u00e9e de lecture estim\u00e9e":"1 minute"},"schema":{"@context":"https:\/\/schema.org","@graph":[{"@type":"WebPage","@id":"https:\/\/riojanaturepharma.com\/fr\/produits\/","url":"https:\/\/riojanaturepharma.com\/fr\/produits\/","name":"Produits","isPartOf":{"@id":"https:\/\/riojanaturepharma.com\/fr\/#website"},"primaryImageOfPage":{"@id":"https:\/\/riojanaturepharma.com\/fr\/produits\/#primaryimage"},"image":{"@id":"https:\/\/riojanaturepharma.com\/fr\/produits\/#primaryimage"},"thumbnailUrl":"https:\/\/riojanaturepharma.com\/wp-content\/uploads\/2026\/04\/productos.gif","datePublished":"2026-04-14T17:04:38+00:00","dateModified":"2026-05-06T17:09:17+00:00","description":"Produits","breadcrumb":{"@id":"https:\/\/riojanaturepharma.com\/fr\/produits\/#breadcrumb"},"inLanguage":"fr-FR","potentialAction":[{"@type":"ReadAction","target":["https:\/\/riojanaturepharma.com\/fr\/produits\/"]}]},{"@type":"ImageObject","inLanguage":"fr-FR","@id":"https:\/\/riojanaturepharma.com\/fr\/produits\/#primaryimage","url":"https:\/\/riojanaturepharma.com\/wp-content\/uploads\/2026\/04\/productos.gif","contentUrl":"https:\/\/riojanaturepharma.com\/wp-content\/uploads\/2026\/04\/productos.gif"},{"@type":"BreadcrumbList","@id":"https:\/\/riojanaturepharma.com\/fr\/produits\/#breadcrumb","itemListElement":[{"@type":"ListItem","position":1,"name":"Portada","item":"https:\/\/riojanaturepharma.com\/fr\/"},{"@type":"ListItem","position":2,"name":"Produits"}]},{"@type":"WebSite","@id":"https:\/\/riojanaturepharma.com\/fr\/#website","url":"https:\/\/riojanaturepharma.com\/fr\/","name":"Rioja Nature Pharma","description":"Laboratorio de Complementos Alimenticios","publisher":{"@id":"https:\/\/riojanaturepharma.com\/fr\/#organization"},"alternateName":"RNP","potentialAction":[{"@type":"SearchAction","target":{"@type":"EntryPoint","urlTemplate":"https:\/\/riojanaturepharma.com\/fr\/?s={search_term_string}"},"query-input":{"@type":"PropertyValueSpecification","valueRequired":true,"valueName":"search_term_string"}}],"inLanguage":"fr-FR"},{"@type":"Organization","@id":"https:\/\/riojanaturepharma.com\/fr\/#organization","name":"Rioja Nature Pharma","alternateName":"RNP","url":"https:\/\/riojanaturepharma.com\/fr\/","logo":{"@type":"ImageObject","inLanguage":"fr-FR","@id":"https:\/\/riojanaturepharma.com\/fr\/#\/schema\/logo\/image\/","url":"https:\/\/riojanaturepharma.com\/wp-content\/uploads\/2026\/04\/naturepharma_logo.png","contentUrl":"https:\/\/riojanaturepharma.com\/wp-content\/uploads\/2026\/04\/naturepharma_logo.png","width":600,"height":104,"caption":"Rioja Nature Pharma"},"image":{"@id":"https:\/\/riojanaturepharma.com\/fr\/#\/schema\/logo\/image\/"}}]}},"_links":{"self":[{"href":"https:\/\/riojanaturepharma.com\/fr\/wp-json\/wp\/v2\/pages\/4496","targetHints":{"allow":["GET"]}}],"collection":[{"href":"https:\/\/riojanaturepharma.com\/fr\/wp-json\/wp\/v2\/pages"}],"about":[{"href":"https:\/\/riojanaturepharma.com\/fr\/wp-json\/wp\/v2\/types\/page"}],"author":[{"embeddable":true,"href":"https:\/\/riojanaturepharma.com\/fr\/wp-json\/wp\/v2\/users\/1"}],"replies":[{"embeddable":true,"href":"https:\/\/riojanaturepharma.com\/fr\/wp-json\/wp\/v2\/comments?post=4496"}],"version-history":[{"count":18,"href":"https:\/\/riojanaturepharma.com\/fr\/wp-json\/wp\/v2\/pages\/4496\/revisions"}],"predecessor-version":[{"id":4615,"href":"https:\/\/riojanaturepharma.com\/fr\/wp-json\/wp\/v2\/pages\/4496\/revisions\/4615"}],"wp:attachment":[{"href":"https:\/\/riojanaturepharma.com\/fr\/wp-json\/wp\/v2\/media?parent=4496"}],"curies":[{"name":"wp","href":"https:\/\/api.w.org\/{rel}","templated":true}]}}