{"id":4437,"date":"2026-04-15T15:27:55","date_gmt":"2026-04-15T15:27:55","guid":{"rendered":"https:\/\/riojanaturepharma.com\/r\/"},"modified":"2026-05-10T11:38:12","modified_gmt":"2026-05-10T11:38:12","slug":"rdi","status":"publish","type":"page","link":"https:\/\/riojanaturepharma.com\/fr\/rdi\/","title":{"rendered":"R&#038;D&#038;I"},"content":{"rendered":"\t\t<div data-elementor-type=\"wp-page\" data-elementor-id=\"4437\" class=\"elementor elementor-4437 elementor-1127\" data-elementor-post-type=\"page\">\n\t\t\t\t<div class=\"elementor-element elementor-element-f208a4d e-flex e-con-boxed e-con e-parent\" data-id=\"f208a4d\" data-element_type=\"container\" data-e-type=\"container\" data-settings=\"{&quot;background_background&quot;:&quot;classic&quot;}\">\n\t\t\t\t\t<div class=\"e-con-inner\">\n\t\t<div class=\"elementor-element elementor-element-0cb7069 e-flex e-con-boxed e-con e-child\" data-id=\"0cb7069\" data-element_type=\"container\" data-e-type=\"container\">\n\t\t\t\t\t<div class=\"e-con-inner\">\n\t\t<div class=\"elementor-element elementor-element-613a506 e-con-full e-flex e-con e-child\" data-id=\"613a506\" data-element_type=\"container\" data-e-type=\"container\">\n\t\t\t\t<div class=\"elementor-element elementor-element-2c714c3 elementor-invisible elementor-widget elementor-widget-heading\" data-id=\"2c714c3\" data-element_type=\"widget\" data-e-type=\"widget\" data-settings=\"{&quot;_animation&quot;:&quot;fadeInUp&quot;}\" data-widget_type=\"heading.default\">\n\t\t\t\t\t<h2 class=\"elementor-heading-title elementor-size-default\">Recherche, d\u00e9veloppement et innovation\n<\/h2>\t\t\t\t<\/div>\n\t\t\t\t<div class=\"elementor-element elementor-element-30fe409 elementor-widget__width-initial elementor-invisible elementor-widget elementor-widget-heading\" data-id=\"30fe409\" data-element_type=\"widget\" data-e-type=\"widget\" data-settings=\"{&quot;_animation&quot;:&quot;fadeInUp&quot;}\" data-widget_type=\"heading.default\">\n\t\t\t\t\t<p class=\"elementor-heading-title elementor-size-default\">L\u2019<b>innovation<\/b> est au c\u0153ur de notre <b>mod\u00e8le de travail<\/b>. Elle vise <b>l\u2019am\u00e9lioration des processus, l\u2019optimisation des technologies<\/b> de fabrication et le <b>d\u00e9veloppement de solutions<\/b>, directement applicables sur le march\u00e9.<\/p>\t\t\t\t<\/div>\n\t\t\t\t<\/div>\n\t\t<div class=\"elementor-element elementor-element-18b2541 e-con-full elementor-hidden-tablet elementor-hidden-mobile e-flex e-con e-child\" data-id=\"18b2541\" data-element_type=\"container\" data-e-type=\"container\">\n\t\t\t\t<\/div>\n\t\t\t\t\t<\/div>\n\t\t\t\t<\/div>\n\t\t\t\t\t<\/div>\n\t\t\t\t<\/div>\n\t\t<div class=\"elementor-element elementor-element-6fdaea6 e-con-full e-flex e-con e-parent\" data-id=\"6fdaea6\" data-element_type=\"container\" data-e-type=\"container\" data-settings=\"{&quot;background_background&quot;:&quot;classic&quot;,&quot;animation&quot;:&quot;none&quot;}\">\n\t\t<div class=\"elementor-element elementor-element-39e7a70 e-flex e-con-boxed elementor-invisible e-con e-child\" data-id=\"39e7a70\" data-element_type=\"container\" data-e-type=\"container\" data-settings=\"{&quot;animation&quot;:&quot;fadeInUp&quot;}\">\n\t\t\t\t\t<div class=\"e-con-inner\">\n\t\t\t\t<div class=\"elementor-element elementor-element-ee21813 elementor-widget elementor-widget-heading\" data-id=\"ee21813\" data-element_type=\"widget\" data-e-type=\"widget\" data-widget_type=\"heading.default\">\n\t\t\t\t\t<p class=\"elementor-heading-title elementor-size-default\">Comment nous mettons<\/p>\t\t\t\t<\/div>\n\t\t\t\t<div class=\"elementor-element elementor-element-6b3c9ce elementor-widget elementor-widget-heading\" data-id=\"6b3c9ce\" data-element_type=\"widget\" data-e-type=\"widget\" data-widget_type=\"heading.default\">\n\t\t\t\t\t<p class=\"elementor-heading-title elementor-size-default\">l\u2019innovation en \u0153uvre<\/p>\t\t\t\t<\/div>\n\t\t\t\t\t<\/div>\n\t\t\t\t<\/div>\n\t\t<div class=\"elementor-element elementor-element-f0756ae animated-slow e-flex e-con-boxed elementor-invisible e-con e-child\" data-id=\"f0756ae\" data-element_type=\"container\" data-e-type=\"container\" data-settings=\"{&quot;animation&quot;:&quot;fadeInUp&quot;}\">\n\t\t\t\t\t<div class=\"e-con-inner\">\n\t\t<div class=\"elementor-element elementor-element-d26d438 e-con-full cajaefecto e-flex e-con e-child\" data-id=\"d26d438\" data-element_type=\"container\" data-e-type=\"container\">\n\t\t<div class=\"elementor-element elementor-element-2f9f37f e-con-full cajaefecto e-flex e-con e-child\" data-id=\"2f9f37f\" data-element_type=\"container\" data-e-type=\"container\" data-settings=\"{&quot;background_background&quot;:&quot;classic&quot;}\">\n\t\t\t\t<div class=\"elementor-element elementor-element-cacfc6e elementor-widget elementor-widget-heading\" data-id=\"cacfc6e\" data-element_type=\"widget\" data-e-type=\"widget\" data-widget_type=\"heading.default\">\n\t\t\t\t\t<p class=\"elementor-heading-title elementor-size-default\">D\u00e9veloppement de nouvelles formulations\n<\/p>\t\t\t\t<\/div>\n\t\t\t\t<div class=\"elementor-element elementor-element-2aec432 ocultarefecto elementor-widget elementor-widget-text-editor\" data-id=\"2aec432\" data-element_type=\"widget\" data-e-type=\"widget\" data-widget_type=\"text-editor.default\">\n\t\t\t\t\t\t\t\t\t<p><span style=\"font-weight: 400;\">Nous adaptons le format de livraison aux besoins de chaque projet :<\/span><\/p><ul><li style=\"font-weight: 400;\" aria-level=\"1\"><span style=\"font-weight: 400;\">Produit en vrac<\/span><\/li><li style=\"font-weight: 400;\" aria-level=\"1\"><span style=\"font-weight: 400;\">Blister<\/span><\/li><li style=\"font-weight: 400;\" aria-level=\"1\"><span style=\"font-weight: 400;\">Pilulier<\/span><\/li><li style=\"font-weight: 400;\" aria-level=\"1\"><span style=\"font-weight: 400;\">Autres formats sp\u00e9cifiques selon les besoins<\/span><\/li><\/ul>\t\t\t\t\t\t\t\t<\/div>\n\t\t\t\t<\/div>\n\t\t<div class=\"elementor-element elementor-element-9dea1fc e-con-full cajaefecto e-flex e-con e-child\" data-id=\"9dea1fc\" data-element_type=\"container\" data-e-type=\"container\" data-settings=\"{&quot;background_background&quot;:&quot;classic&quot;}\">\n\t\t\t\t<div class=\"elementor-element elementor-element-05129d2 elementor-widget elementor-widget-heading\" data-id=\"05129d2\" data-element_type=\"widget\" data-e-type=\"widget\" data-widget_type=\"heading.default\">\n\t\t\t\t\t<p class=\"elementor-heading-title elementor-size-default\">Validation technique pr\u00e9alable \u00e0 l\u2019\u00e9chelle industrielle\n<\/p>\t\t\t\t<\/div>\n\t\t\t\t<div class=\"elementor-element elementor-element-466879f ocultarefecto elementor-widget elementor-widget-text-editor\" data-id=\"466879f\" data-element_type=\"widget\" data-e-type=\"widget\" data-widget_type=\"text-editor.default\">\n\t\t\t\t\t\t\t\t\t<p><span style=\"font-weight: 400;\">Notre \u00e9quipe technique accompagne le<\/span><b> d\u00e9veloppement, de la formulation \u00e0 la production industrielle<\/b><span style=\"font-weight: 400;\">, assurant la faisabilit\u00e9 technique, la stabilit\u00e9 du produit et la conformit\u00e9 r\u00e9glementaire.<\/span><\/p><p><span style=\"font-weight: 400;\">Nous travaillons selon <\/span><b>des processus contr\u00f4l\u00e9s<\/b><span style=\"font-weight: 400;\"> qui permettent de <\/span><b>maintenir la qualit\u00e9 et la coh\u00e9rence <\/b><span style=\"font-weight: 400;\">de chaque lot de fabrication.<\/span><\/p>\t\t\t\t\t\t\t\t<\/div>\n\t\t\t\t<\/div>\n\t\t\t\t<\/div>\n\t\t<div class=\"elementor-element elementor-element-78f5324 e-con-full cajaefecto e-flex e-con e-child\" data-id=\"78f5324\" data-element_type=\"container\" data-e-type=\"container\">\n\t\t<div class=\"elementor-element elementor-element-e7e45d7 e-con-full cajaefecto e-flex e-con e-child\" data-id=\"e7e45d7\" data-element_type=\"container\" data-e-type=\"container\" data-settings=\"{&quot;background_background&quot;:&quot;classic&quot;}\">\n\t\t\t\t<div class=\"elementor-element elementor-element-eb13438 elementor-widget elementor-widget-heading\" data-id=\"eb13438\" data-element_type=\"widget\" data-e-type=\"widget\" data-widget_type=\"heading.default\">\n\t\t\t\t\t<p class=\"elementor-heading-title elementor-size-default\">Optimisation technologique des processus de production\n<\/p>\t\t\t\t<\/div>\n\t\t\t\t<div class=\"elementor-element elementor-element-b80ab0a ocultarefecto elementor-widget elementor-widget-text-editor\" data-id=\"b80ab0a\" data-element_type=\"widget\" data-e-type=\"widget\" data-widget_type=\"text-editor.default\">\n\t\t\t\t\t\t\t\t\t<p><span style=\"font-weight: 400;\">Nous adaptons le format de livraison aux besoins de chaque projet :<\/span><\/p><ul><li style=\"font-weight: 400;\" aria-level=\"1\"><span style=\"font-weight: 400;\">Produit en vrac<\/span><\/li><li style=\"font-weight: 400;\" aria-level=\"1\"><span style=\"font-weight: 400;\">Blister<\/span><\/li><li style=\"font-weight: 400;\" aria-level=\"1\"><span style=\"font-weight: 400;\">Pilulier<\/span><\/li><li style=\"font-weight: 400;\" aria-level=\"1\"><span style=\"font-weight: 400;\">Autres formats sp\u00e9cifiques selon les besoins<\/span><\/li><\/ul>\t\t\t\t\t\t\t\t<\/div>\n\t\t\t\t<\/div>\n\t\t<div class=\"elementor-element elementor-element-87d5411 e-con-full cajaefecto e-flex e-con e-child\" data-id=\"87d5411\" data-element_type=\"container\" data-e-type=\"container\" data-settings=\"{&quot;background_background&quot;:&quot;classic&quot;}\">\n\t\t\t\t<div class=\"elementor-element elementor-element-6627458 elementor-widget elementor-widget-heading\" data-id=\"6627458\" data-element_type=\"widget\" data-e-type=\"widget\" data-widget_type=\"heading.default\">\n\t\t\t\t\t<p class=\"elementor-heading-title elementor-size-default\">Collaboration \u00e0 des projets de R&amp;D nationaux et internationaux\n<\/p>\t\t\t\t<\/div>\n\t\t\t\t<div class=\"elementor-element elementor-element-fc9617d ocultarefecto elementor-widget elementor-widget-text-editor\" data-id=\"fc9617d\" data-element_type=\"widget\" data-e-type=\"widget\" data-widget_type=\"text-editor.default\">\n\t\t\t\t\t\t\t\t\t<p><span style=\"font-weight: 400;\">Notre \u00e9quipe technique accompagne le<\/span><b> d\u00e9veloppement, de la formulation \u00e0 la production industrielle<\/b><span style=\"font-weight: 400;\">, assurant la faisabilit\u00e9 technique, la stabilit\u00e9 du produit et la conformit\u00e9 r\u00e9glementaire.<\/span><\/p><p><span style=\"font-weight: 400;\">Nous travaillons selon <\/span><b>des processus contr\u00f4l\u00e9s<\/b><span style=\"font-weight: 400;\"> qui permettent de <\/span><b>maintenir la qualit\u00e9 et la coh\u00e9rence <\/b><span style=\"font-weight: 400;\">de chaque lot de fabrication.<\/span><\/p>\t\t\t\t\t\t\t\t<\/div>\n\t\t\t\t<\/div>\n\t\t\t\t<\/div>\n\t\t\t\t\t<\/div>\n\t\t\t\t<\/div>\n\t\t\t\t<\/div>\n\t\t<div class=\"elementor-element elementor-element-5f39e8d e-flex e-con-boxed e-con e-parent\" data-id=\"5f39e8d\" data-element_type=\"container\" data-e-type=\"container\" data-settings=\"{&quot;background_background&quot;:&quot;classic&quot;,&quot;animation&quot;:&quot;none&quot;}\">\n\t\t\t\t\t<div class=\"e-con-inner\">\n\t\t<div class=\"elementor-element elementor-element-d9b0440 e-con-full e-flex e-con e-child\" data-id=\"d9b0440\" data-element_type=\"container\" data-e-type=\"container\">\n\t\t\t\t<div class=\"elementor-element elementor-element-fd17344 elementor-invisible elementor-widget elementor-widget-heading\" data-id=\"fd17344\" data-element_type=\"widget\" data-e-type=\"widget\" data-settings=\"{&quot;_animation&quot;:&quot;fadeInLeft&quot;}\" data-widget_type=\"heading.default\">\n\t\t\t\t\t<p class=\"elementor-heading-title elementor-size-default\">Innovation appliqu\u00e9e<\/p>\t\t\t\t<\/div>\n\t\t\t\t<div class=\"elementor-element elementor-element-438a30b elementor-invisible elementor-widget elementor-widget-heading\" data-id=\"438a30b\" data-element_type=\"widget\" data-e-type=\"widget\" data-settings=\"{&quot;_animation&quot;:&quot;fadeInLeft&quot;}\" data-widget_type=\"heading.default\">\n\t\t\t\t\t<p class=\"elementor-heading-title elementor-size-default\">au d\u00e9veloppement produit<\/p>\t\t\t\t<\/div>\n\t\t\t\t<div class=\"elementor-element elementor-element-dbcf5a0 elementor-widget-tablet__width-inherit elementor-invisible elementor-widget elementor-widget-text-editor\" data-id=\"dbcf5a0\" data-element_type=\"widget\" data-e-type=\"widget\" data-settings=\"{&quot;_animation&quot;:&quot;fadeInLeft&quot;}\" data-widget_type=\"text-editor.default\">\n\t\t\t\t\t\t\t\t\t<p><span style=\"font-weight: 400;\">L\u2019<\/span><b>innovation<\/b><span style=\"font-weight: 400;\"> est au c\u0153ur de notre <\/span><b>mod\u00e8le de travail<\/b><span style=\"font-weight: 400;\">. Elle vise <\/span><b>l\u2019am\u00e9lioration des processus, l\u2019optimisation des technologies<\/b><span style=\"font-weight: 400;\"> de fabrication et le <\/span><b>d\u00e9veloppement de solutions<\/b><span style=\"font-weight: 400;\">, directement applicables sur le march\u00e9. Nous participons activement \u00e0 des <\/span><b>projets de R&amp;D aux niveaux national et international<\/b><span style=\"font-weight: 400;\">, en collaboration \u00e9troite avec des entreprises, entit\u00e9s et clients.<\/span><\/p>\t\t\t\t\t\t\t\t<\/div>\n\t\t\t\t<div class=\"elementor-element elementor-element-d004b9d elementor-widget-tablet__width-inherit elementor-invisible elementor-widget elementor-widget-text-editor\" data-id=\"d004b9d\" data-element_type=\"widget\" data-e-type=\"widget\" data-settings=\"{&quot;_animation&quot;:&quot;fadeInLeft&quot;}\" data-widget_type=\"text-editor.default\">\n\t\t\t\t\t\t\t\t\t<p><b>Cette approche nous permet de garantir la faisabilit\u00e9 technique de chaque d\u00e9veloppement et de pr\u00e9server les caract\u00e9ristiques d\u00e9finies d\u00e8s les phases initiales du projet.<\/b><\/p>\t\t\t\t\t\t\t\t<\/div>\n\t\t\t\t<\/div>\n\t\t<div class=\"elementor-element elementor-element-9358002 e-con-full elementor-hidden-tablet elementor-hidden-mobile e-flex e-con e-child\" data-id=\"9358002\" data-element_type=\"container\" data-e-type=\"container\" data-settings=\"{&quot;background_background&quot;:&quot;classic&quot;}\">\n\t\t<div class=\"elementor-element elementor-element-1f22090 e-con-full e-flex e-con e-child\" data-id=\"1f22090\" data-element_type=\"container\" data-e-type=\"container\" data-settings=\"{&quot;background_background&quot;:&quot;video&quot;,&quot;background_video_link&quot;:&quot;https:\\\/\\\/pub-be8be327e3a84ea28d1a446c4f74ff43.r2.dev\\\/i+d+i_bucle__v1%20(720p).mp4&quot;}\">\n\t\t<div class=\"elementor-background-video-container elementor-hidden-mobile\">\n\t\t\t\t\t\t\t<video class=\"elementor-background-video-hosted\" role=\"presentation\" autoplay muted playsinline loop><\/video>\n\t\t\t\t\t<\/div>\t\t<\/div>\n\t\t\t\t<\/div>\n\t\t\t\t\t<\/div>\n\t\t\t\t<\/div>\n\t\t<div class=\"elementor-element elementor-element-3ed86f5 elementor-hidden-desktop e-flex e-con-boxed e-con e-parent\" data-id=\"3ed86f5\" data-element_type=\"container\" data-e-type=\"container\" data-settings=\"{&quot;background_background&quot;:&quot;video&quot;,&quot;background_video_link&quot;:&quot;https:\\\/\\\/pub-be8be327e3a84ea28d1a446c4f74ff43.r2.dev\\\/i+d+i_bucle__v1%20(720p).mp4&quot;,&quot;background_play_on_mobile&quot;:&quot;yes&quot;}\">\n\t\t\t\t\t<div class=\"e-con-inner\">\n\t\t<div class=\"elementor-background-video-container\">\n\t\t\t\t\t\t\t<video class=\"elementor-background-video-hosted\" role=\"presentation\" autoplay muted playsinline loop><\/video>\n\t\t\t\t\t<\/div>\t\t\t<\/div>\n\t\t\t\t<\/div>\n\t\t<div class=\"elementor-element elementor-element-fc02c2c e-flex e-con-boxed e-con e-parent\" data-id=\"fc02c2c\" data-element_type=\"container\" data-e-type=\"container\" data-settings=\"{&quot;background_background&quot;:&quot;classic&quot;,&quot;animation&quot;:&quot;none&quot;}\">\n\t\t\t\t\t<div class=\"e-con-inner\">\n\t\t\t\t<div class=\"elementor-element elementor-element-f65f23f elementor-invisible elementor-widget elementor-widget-heading\" data-id=\"f65f23f\" data-element_type=\"widget\" data-e-type=\"widget\" data-settings=\"{&quot;_animation&quot;:&quot;fadeInUp&quot;}\" data-widget_type=\"heading.default\">\n\t\t\t\t\t<p class=\"elementor-heading-title elementor-size-default\"><b>Besoin d\u2019un accompagnement<\/b> pour votre projet ?<\/p>\t\t\t\t<\/div>\n\t\t\t\t<div class=\"elementor-element elementor-element-3ad2d57 elementor-widget__width-initial elementor-invisible elementor-widget elementor-widget-text-editor\" data-id=\"3ad2d57\" data-element_type=\"widget\" data-e-type=\"widget\" data-settings=\"{&quot;_animation&quot;:&quot;fadeInUp&quot;}\" data-widget_type=\"text-editor.default\">\n\t\t\t\t\t\t\t\t\t<p><span style=\"font-weight: 400;\">Nous vous accompagnons dans la d\u00e9finition de la solution la plus adapt\u00e9e, sur les plans technique, industriel et r\u00e9glementaire, pour d\u00e9velopper un produit parfaitement align\u00e9 avec vos objectifs et les exigences de votre march\u00e9.<\/span><\/p>\t\t\t\t\t\t\t\t<\/div>\n\t\t\t\t<div class=\"elementor-element elementor-element-b7c830e elementor-align-right elementor-invisible elementor-widget elementor-widget-button\" data-id=\"b7c830e\" data-element_type=\"widget\" data-e-type=\"widget\" data-settings=\"{&quot;_animation&quot;:&quot;fadeInUp&quot;}\" data-widget_type=\"button.default\">\n\t\t\t\t\t\t\t\t\t\t<a class=\"elementor-button elementor-button-link elementor-size-sm\" href=\"https:\/\/riojanaturepharma.com\/fr\/contact\/\">\n\t\t\t\t\t\t<span class=\"elementor-button-content-wrapper\">\n\t\t\t\t\t\t\t\t\t<span class=\"elementor-button-text\">Contactez-nous<\/span>\n\t\t\t\t\t<\/span>\n\t\t\t\t\t<\/a>\n\t\t\t\t\t\t\t\t<\/div>\n\t\t\t\t\t<\/div>\n\t\t\t\t<\/div>\n\t\t\t\t<\/div>\n\t\t","protected":false},"excerpt":{"rendered":"<p>Recherche, d\u00e9veloppement et innovation L\u2019innovation est au c\u0153ur de notre mod\u00e8le de travail. Elle vise l\u2019am\u00e9lioration des processus, l\u2019optimisation des technologies de fabrication et le d\u00e9veloppement de solutions, directement applicables sur le march\u00e9. Comment nous mettons l\u2019innovation en \u0153uvre D\u00e9veloppement de nouvelles formulations Nous adaptons le format de livraison aux besoins de chaque projet : &#8230; <a title=\"R&#038;D&#038;I\" class=\"read-more\" href=\"https:\/\/riojanaturepharma.com\/fr\/rdi\/\" aria-label=\"En savoir plus sur R&#038;D&#038;I\">Lire la suite<\/a><\/p>\n","protected":false},"author":1,"featured_media":0,"parent":0,"menu_order":0,"comment_status":"closed","ping_status":"closed","template":"elementor_header_footer","meta":{"footnotes":""},"class_list":["post-4437","page","type-page","status-publish"],"yoast_head":"<!-- This site is optimized with the Yoast SEO plugin v27.5 - https:\/\/yoast.com\/product\/yoast-seo-wordpress\/ -->\n<title>R&amp;D&amp;I<\/title>\n<meta name=\"description\" content=\"R&amp;D&amp;I\" \/>\n<meta name=\"robots\" content=\"index, follow, max-snippet:-1, max-image-preview:large, max-video-preview:-1\" \/>\n<link rel=\"canonical\" href=\"https:\/\/riojanaturepharma.com\/fr\/rdi\/\" \/>\n<meta property=\"og:locale\" content=\"fr_FR\" \/>\n<meta property=\"og:type\" content=\"article\" \/>\n<meta property=\"og:title\" content=\"R&amp;D&amp;I\" \/>\n<meta property=\"og:description\" content=\"R&amp;D&amp;I\" \/>\n<meta property=\"og:url\" content=\"https:\/\/riojanaturepharma.com\/fr\/rdi\/\" \/>\n<meta property=\"article:modified_time\" content=\"2026-05-10T11:38:12+00:00\" \/>\n<meta name=\"twitter:card\" content=\"summary_large_image\" \/>\n<meta name=\"twitter:label1\" content=\"Dur\u00e9e de lecture estim\u00e9e\" \/>\n\t<meta name=\"twitter:data1\" content=\"2 minutes\" \/>\n<script type=\"application\/ld+json\" class=\"yoast-schema-graph\">{\"@context\":\"https:\\\/\\\/schema.org\",\"@graph\":[{\"@type\":\"WebPage\",\"@id\":\"https:\\\/\\\/riojanaturepharma.com\\\/fr\\\/rdi\\\/\",\"url\":\"https:\\\/\\\/riojanaturepharma.com\\\/fr\\\/rdi\\\/\",\"name\":\"R&D&I\",\"isPartOf\":{\"@id\":\"https:\\\/\\\/riojanaturepharma.com\\\/fr\\\/#website\"},\"datePublished\":\"2026-04-15T15:27:55+00:00\",\"dateModified\":\"2026-05-10T11:38:12+00:00\",\"description\":\"R&D&I\",\"breadcrumb\":{\"@id\":\"https:\\\/\\\/riojanaturepharma.com\\\/fr\\\/rdi\\\/#breadcrumb\"},\"inLanguage\":\"fr-FR\",\"potentialAction\":[{\"@type\":\"ReadAction\",\"target\":[\"https:\\\/\\\/riojanaturepharma.com\\\/fr\\\/rdi\\\/\"]}]},{\"@type\":\"BreadcrumbList\",\"@id\":\"https:\\\/\\\/riojanaturepharma.com\\\/fr\\\/rdi\\\/#breadcrumb\",\"itemListElement\":[{\"@type\":\"ListItem\",\"position\":1,\"name\":\"Portada\",\"item\":\"https:\\\/\\\/riojanaturepharma.com\\\/fr\\\/\"},{\"@type\":\"ListItem\",\"position\":2,\"name\":\"R&#038;D&#038;I\"}]},{\"@type\":\"WebSite\",\"@id\":\"https:\\\/\\\/riojanaturepharma.com\\\/fr\\\/#website\",\"url\":\"https:\\\/\\\/riojanaturepharma.com\\\/fr\\\/\",\"name\":\"Rioja Nature Pharma\",\"description\":\"Laboratorio de Complementos Alimenticios\",\"publisher\":{\"@id\":\"https:\\\/\\\/riojanaturepharma.com\\\/fr\\\/#organization\"},\"alternateName\":\"RNP\",\"potentialAction\":[{\"@type\":\"SearchAction\",\"target\":{\"@type\":\"EntryPoint\",\"urlTemplate\":\"https:\\\/\\\/riojanaturepharma.com\\\/fr\\\/?s={search_term_string}\"},\"query-input\":{\"@type\":\"PropertyValueSpecification\",\"valueRequired\":true,\"valueName\":\"search_term_string\"}}],\"inLanguage\":\"fr-FR\"},{\"@type\":\"Organization\",\"@id\":\"https:\\\/\\\/riojanaturepharma.com\\\/fr\\\/#organization\",\"name\":\"Rioja Nature Pharma\",\"alternateName\":\"RNP\",\"url\":\"https:\\\/\\\/riojanaturepharma.com\\\/fr\\\/\",\"logo\":{\"@type\":\"ImageObject\",\"inLanguage\":\"fr-FR\",\"@id\":\"https:\\\/\\\/riojanaturepharma.com\\\/fr\\\/#\\\/schema\\\/logo\\\/image\\\/\",\"url\":\"https:\\\/\\\/riojanaturepharma.com\\\/wp-content\\\/uploads\\\/2026\\\/04\\\/naturepharma_logo.png\",\"contentUrl\":\"https:\\\/\\\/riojanaturepharma.com\\\/wp-content\\\/uploads\\\/2026\\\/04\\\/naturepharma_logo.png\",\"width\":600,\"height\":104,\"caption\":\"Rioja Nature Pharma\"},\"image\":{\"@id\":\"https:\\\/\\\/riojanaturepharma.com\\\/fr\\\/#\\\/schema\\\/logo\\\/image\\\/\"}}]}<\/script>\n<!-- \/ Yoast SEO plugin. -->","yoast_head_json":{"title":"R&D&I","description":"R&D&I","robots":{"index":"index","follow":"follow","max-snippet":"max-snippet:-1","max-image-preview":"max-image-preview:large","max-video-preview":"max-video-preview:-1"},"canonical":"https:\/\/riojanaturepharma.com\/fr\/rdi\/","og_locale":"fr_FR","og_type":"article","og_title":"R&D&I","og_description":"R&D&I","og_url":"https:\/\/riojanaturepharma.com\/fr\/rdi\/","article_modified_time":"2026-05-10T11:38:12+00:00","twitter_card":"summary_large_image","twitter_misc":{"Dur\u00e9e de lecture estim\u00e9e":"2 minutes"},"schema":{"@context":"https:\/\/schema.org","@graph":[{"@type":"WebPage","@id":"https:\/\/riojanaturepharma.com\/fr\/rdi\/","url":"https:\/\/riojanaturepharma.com\/fr\/rdi\/","name":"R&D&I","isPartOf":{"@id":"https:\/\/riojanaturepharma.com\/fr\/#website"},"datePublished":"2026-04-15T15:27:55+00:00","dateModified":"2026-05-10T11:38:12+00:00","description":"R&D&I","breadcrumb":{"@id":"https:\/\/riojanaturepharma.com\/fr\/rdi\/#breadcrumb"},"inLanguage":"fr-FR","potentialAction":[{"@type":"ReadAction","target":["https:\/\/riojanaturepharma.com\/fr\/rdi\/"]}]},{"@type":"BreadcrumbList","@id":"https:\/\/riojanaturepharma.com\/fr\/rdi\/#breadcrumb","itemListElement":[{"@type":"ListItem","position":1,"name":"Portada","item":"https:\/\/riojanaturepharma.com\/fr\/"},{"@type":"ListItem","position":2,"name":"R&#038;D&#038;I"}]},{"@type":"WebSite","@id":"https:\/\/riojanaturepharma.com\/fr\/#website","url":"https:\/\/riojanaturepharma.com\/fr\/","name":"Rioja Nature Pharma","description":"Laboratorio de Complementos Alimenticios","publisher":{"@id":"https:\/\/riojanaturepharma.com\/fr\/#organization"},"alternateName":"RNP","potentialAction":[{"@type":"SearchAction","target":{"@type":"EntryPoint","urlTemplate":"https:\/\/riojanaturepharma.com\/fr\/?s={search_term_string}"},"query-input":{"@type":"PropertyValueSpecification","valueRequired":true,"valueName":"search_term_string"}}],"inLanguage":"fr-FR"},{"@type":"Organization","@id":"https:\/\/riojanaturepharma.com\/fr\/#organization","name":"Rioja Nature Pharma","alternateName":"RNP","url":"https:\/\/riojanaturepharma.com\/fr\/","logo":{"@type":"ImageObject","inLanguage":"fr-FR","@id":"https:\/\/riojanaturepharma.com\/fr\/#\/schema\/logo\/image\/","url":"https:\/\/riojanaturepharma.com\/wp-content\/uploads\/2026\/04\/naturepharma_logo.png","contentUrl":"https:\/\/riojanaturepharma.com\/wp-content\/uploads\/2026\/04\/naturepharma_logo.png","width":600,"height":104,"caption":"Rioja Nature Pharma"},"image":{"@id":"https:\/\/riojanaturepharma.com\/fr\/#\/schema\/logo\/image\/"}}]}},"_links":{"self":[{"href":"https:\/\/riojanaturepharma.com\/fr\/wp-json\/wp\/v2\/pages\/4437","targetHints":{"allow":["GET"]}}],"collection":[{"href":"https:\/\/riojanaturepharma.com\/fr\/wp-json\/wp\/v2\/pages"}],"about":[{"href":"https:\/\/riojanaturepharma.com\/fr\/wp-json\/wp\/v2\/types\/page"}],"author":[{"embeddable":true,"href":"https:\/\/riojanaturepharma.com\/fr\/wp-json\/wp\/v2\/users\/1"}],"replies":[{"embeddable":true,"href":"https:\/\/riojanaturepharma.com\/fr\/wp-json\/wp\/v2\/comments?post=4437"}],"version-history":[{"count":15,"href":"https:\/\/riojanaturepharma.com\/fr\/wp-json\/wp\/v2\/pages\/4437\/revisions"}],"predecessor-version":[{"id":5337,"href":"https:\/\/riojanaturepharma.com\/fr\/wp-json\/wp\/v2\/pages\/4437\/revisions\/5337"}],"wp:attachment":[{"href":"https:\/\/riojanaturepharma.com\/fr\/wp-json\/wp\/v2\/media?parent=4437"}],"curies":[{"name":"wp","href":"https:\/\/api.w.org\/{rel}","templated":true}]}}