{"id":4434,"date":"2026-04-14T16:38:14","date_gmt":"2026-04-14T16:38:14","guid":{"rendered":"https:\/\/riojanaturepharma.com\/autorisations-et-certifications\/"},"modified":"2026-05-06T17:39:20","modified_gmt":"2026-05-06T17:39:20","slug":"certifications","status":"publish","type":"page","link":"https:\/\/riojanaturepharma.com\/fr\/certifications\/","title":{"rendered":"Certifications"},"content":{"rendered":"\t\t<div data-elementor-type=\"wp-page\" data-elementor-id=\"4434\" class=\"elementor elementor-4434 elementor-736\" data-elementor-post-type=\"page\">\n\t\t\t\t<div class=\"elementor-element elementor-element-f208a4d e-con-full e-flex e-con e-parent\" data-id=\"f208a4d\" data-element_type=\"container\" data-e-type=\"container\" data-settings=\"{&quot;background_background&quot;:&quot;classic&quot;}\">\n\t\t<div class=\"elementor-element elementor-element-0cb7069 e-flex e-con-boxed e-con e-child\" data-id=\"0cb7069\" data-element_type=\"container\" data-e-type=\"container\">\n\t\t\t\t\t<div class=\"e-con-inner\">\n\t\t<div class=\"elementor-element elementor-element-613a506 e-con-full e-flex e-con e-child\" data-id=\"613a506\" data-element_type=\"container\" data-e-type=\"container\">\n\t\t\t\t<div class=\"elementor-element elementor-element-2c714c3 elementor-invisible elementor-widget elementor-widget-heading\" data-id=\"2c714c3\" data-element_type=\"widget\" data-e-type=\"widget\" data-settings=\"{&quot;_animation&quot;:&quot;fadeInUp&quot;}\" data-widget_type=\"heading.default\">\n\t\t\t\t\t<h2 class=\"elementor-heading-title elementor-size-default\">Nour misons sur la qualit\u00e9<\/h2>\t\t\t\t<\/div>\n\t\t\t\t<div class=\"elementor-element elementor-element-fad4bef elementor-invisible elementor-widget elementor-widget-heading\" data-id=\"fad4bef\" data-element_type=\"widget\" data-e-type=\"widget\" data-settings=\"{&quot;_animation&quot;:&quot;fadeInUp&quot;}\" data-widget_type=\"heading.default\">\n\t\t\t\t\t<h2 class=\"elementor-heading-title elementor-size-default\">ET LA S\u00c9CURIT\u00c9 ALIMENTAIRE \u00c0 CHAQUE \u00c9TAPE DU PROCESSUS DE PRODUCTION<\/h2>\t\t\t\t<\/div>\n\t\t\t\t<\/div>\n\t\t\t\t\t<\/div>\n\t\t\t\t<\/div>\n\t\t\t\t<\/div>\n\t\t<div class=\"elementor-element elementor-element-baaec09 e-flex e-con-boxed e-con e-parent\" data-id=\"baaec09\" data-element_type=\"container\" data-e-type=\"container\" data-settings=\"{&quot;background_background&quot;:&quot;classic&quot;,&quot;animation&quot;:&quot;none&quot;}\">\n\t\t\t\t\t<div class=\"e-con-inner\">\n\t\t<div class=\"elementor-element elementor-element-a437443 e-con-full e-flex e-con e-child\" data-id=\"a437443\" data-element_type=\"container\" data-e-type=\"container\">\n\t\t\t\t<div class=\"elementor-element elementor-element-1d7b33d elementor-widget__width-initial elementor-invisible elementor-widget elementor-widget-text-editor\" data-id=\"1d7b33d\" data-element_type=\"widget\" data-e-type=\"widget\" data-settings=\"{&quot;_animation&quot;:&quot;fadeInUp&quot;}\" data-widget_type=\"text-editor.default\">\n\t\t\t\t\t\t\t\t\t<p><span style=\"font-weight: 400;\">Nos syst\u00e8mes de travail et de contr\u00f4le sont con\u00e7us selon des <\/span><b>standards internationaux<\/b><span style=\"font-weight: 400;\">, int\u00e9grant <\/span><b>automatisation, contr\u00f4le num\u00e9rique et protocoles avanc\u00e9s de tra\u00e7abilit\u00e9.<\/b><\/p><p><span style=\"font-weight: 400;\">Nous d\u00e9ployons une <\/span><b>d\u00e9marche d\u2019am\u00e9lioration continue<\/b><span style=\"font-weight: 400;\"> visant \u00e0 analyser et optimiser l\u2019ensemble de nos processus, afin de <\/span><b>garantir constance, s\u00e9curit\u00e9 et fiabilit\u00e9<\/b><span style=\"font-weight: 400;\"> \u00e0 chaque d\u00e9veloppement.<\/span><\/p><p><span style=\"font-weight: 400;\">Nos <\/span><b>certifications et autorisations<\/b><span style=\"font-weight: 400;\"> attestent d\u2019un mod\u00e8le de production conforme aux <\/span><b>exigences les plus strictes des march\u00e9s nationaux et internationaux<\/b><span style=\"font-weight: 400;\">.<\/span><\/p>\t\t\t\t\t\t\t\t<\/div>\n\t\t\t\t<div class=\"elementor-element elementor-element-24225f2 elementor-align-left elementor-invisible elementor-widget elementor-widget-button\" data-id=\"24225f2\" data-element_type=\"widget\" data-e-type=\"widget\" data-settings=\"{&quot;_animation&quot;:&quot;fadeInUp&quot;}\" data-widget_type=\"button.default\">\n\t\t\t\t\t\t\t\t\t\t<a class=\"elementor-button elementor-button-link elementor-size-sm\" href=\"https:\/\/riojanaturepharma.com\/wp-content\/uploads\/2026\/04\/B_AUTORIZACIONES-Y-CERTIFICACIONES-RIOJA-NATURE-PHARMAES.pdf\" target=\"_blank\">\n\t\t\t\t\t\t<span class=\"elementor-button-content-wrapper\">\n\t\t\t\t\t\t<span class=\"elementor-button-icon\">\n\t\t\t\t<svg aria-hidden=\"true\" class=\"e-font-icon-svg e-fas-cloud-download-alt\" viewBox=\"0 0 640 512\" xmlns=\"http:\/\/www.w3.org\/2000\/svg\"><path d=\"M537.6 226.6c4.1-10.7 6.4-22.4 6.4-34.6 0-53-43-96-96-96-19.7 0-38.1 6-53.3 16.2C367 64.2 315.3 32 256 32c-88.4 0-160 71.6-160 160 0 2.7.1 5.4.2 8.1C40.2 219.8 0 273.2 0 336c0 79.5 64.5 144 144 144h368c70.7 0 128-57.3 128-128 0-61.9-44-113.6-102.4-125.4zm-132.9 88.7L299.3 420.7c-6.2 6.2-16.4 6.2-22.6 0L171.3 315.3c-10.1-10.1-2.9-27.3 11.3-27.3H248V176c0-8.8 7.2-16 16-16h48c8.8 0 16 7.2 16 16v112h65.4c14.2 0 21.4 17.2 11.3 27.3z\"><\/path><\/svg>\t\t\t<\/span>\n\t\t\t\t\t\t\t\t\t<span class=\"elementor-button-text\">Autorisations et certifications<\/span>\n\t\t\t\t\t<\/span>\n\t\t\t\t\t<\/a>\n\t\t\t\t\t\t\t\t<\/div>\n\t\t\t\t<\/div>\n\t\t<div class=\"elementor-element elementor-element-3f5a5e6 e-con-full e-flex e-con e-child\" data-id=\"3f5a5e6\" data-element_type=\"container\" data-e-type=\"container\" data-settings=\"{&quot;background_background&quot;:&quot;classic&quot;}\">\n\t\t\t\t<div class=\"elementor-element elementor-element-9937a58 elementor-pagination-position-outside elementor-widget elementor-widget-image-carousel\" data-id=\"9937a58\" data-element_type=\"widget\" data-e-type=\"widget\" data-settings=\"{&quot;slides_to_show&quot;:&quot;1&quot;,&quot;navigation&quot;:&quot;dots&quot;,&quot;autoplay_speed&quot;:1000,&quot;effect&quot;:&quot;fade&quot;,&quot;autoplay&quot;:&quot;yes&quot;,&quot;pause_on_hover&quot;:&quot;yes&quot;,&quot;pause_on_interaction&quot;:&quot;yes&quot;,&quot;infinite&quot;:&quot;yes&quot;,&quot;speed&quot;:500}\" data-widget_type=\"image-carousel.default\">\n\t\t\t\t\t\t\t<div class=\"elementor-image-carousel-wrapper swiper\" role=\"region\" aria-roledescription=\"carousel\" aria-label=\"Carrusel de im\u00e1genes\" dir=\"ltr\">\n\t\t\t<div class=\"elementor-image-carousel swiper-wrapper\" aria-live=\"off\">\n\t\t\t\t\t\t\t\t<div class=\"swiper-slide\" role=\"group\" aria-roledescription=\"slide\" aria-label=\"1 sur 5\"><figure class=\"swiper-slide-inner\"><img decoding=\"async\" class=\"swiper-slide-image\" src=\"https:\/\/riojanaturepharma.com\/wp-content\/uploads\/2026\/05\/FR_certificaciones1.jpg\" alt=\"FR_certificaciones1\" \/><\/figure><\/div><div class=\"swiper-slide\" role=\"group\" aria-roledescription=\"slide\" aria-label=\"2 sur 5\"><figure class=\"swiper-slide-inner\"><img decoding=\"async\" class=\"swiper-slide-image\" src=\"https:\/\/riojanaturepharma.com\/wp-content\/uploads\/2026\/05\/FR_certificaciones2.jpg\" alt=\"FR_certificaciones2\" \/><\/figure><\/div><div class=\"swiper-slide\" role=\"group\" aria-roledescription=\"slide\" aria-label=\"3 sur 5\"><figure class=\"swiper-slide-inner\"><img decoding=\"async\" class=\"swiper-slide-image\" src=\"https:\/\/riojanaturepharma.com\/wp-content\/uploads\/2026\/05\/FR_certificaciones3.jpg\" alt=\"FR_certificaciones3\" \/><\/figure><\/div><div class=\"swiper-slide\" role=\"group\" aria-roledescription=\"slide\" aria-label=\"4 sur 5\"><figure class=\"swiper-slide-inner\"><img decoding=\"async\" class=\"swiper-slide-image\" src=\"https:\/\/riojanaturepharma.com\/wp-content\/uploads\/2026\/05\/FR_certificaciones4.jpg\" alt=\"FR_certificaciones4\" \/><\/figure><\/div><div class=\"swiper-slide\" role=\"group\" aria-roledescription=\"slide\" aria-label=\"5 sur 5\"><figure class=\"swiper-slide-inner\"><img decoding=\"async\" class=\"swiper-slide-image\" src=\"https:\/\/riojanaturepharma.com\/wp-content\/uploads\/2026\/05\/FR_certificaciones5.jpg\" alt=\"FR_certificaciones5\" \/><\/figure><\/div>\t\t\t<\/div>\n\t\t\t\t\t\t\t\n\t\t\t\t\t\t\t\t\t<div class=\"swiper-pagination\"><\/div>\n\t\t\t\t\t\t\t\t\t<\/div>\n\t\t\t\t\t\t<\/div>\n\t\t\t\t<\/div>\n\t\t\t\t\t<\/div>\n\t\t\t\t<\/div>\n\t\t<div class=\"elementor-element elementor-element-5a5e698 e-flex e-con-boxed e-con e-parent\" data-id=\"5a5e698\" data-element_type=\"container\" data-e-type=\"container\" data-settings=\"{&quot;background_background&quot;:&quot;classic&quot;,&quot;animation&quot;:&quot;none&quot;}\">\n\t\t\t\t\t<div class=\"e-con-inner\">\n\t\t\t\t<div class=\"elementor-element elementor-element-47dbb11 elementor-invisible elementor-widget elementor-widget-heading\" data-id=\"47dbb11\" data-element_type=\"widget\" data-e-type=\"widget\" data-settings=\"{&quot;_animation&quot;:&quot;fadeInUp&quot;}\" data-widget_type=\"heading.default\">\n\t\t\t\t\t<p class=\"elementor-heading-title elementor-size-default\"><b>Besoin d\u2019un accompagnement<\/b> pour votre projet ?<\/p>\t\t\t\t<\/div>\n\t\t\t\t<div class=\"elementor-element elementor-element-6c40a70 elementor-widget__width-initial elementor-invisible elementor-widget elementor-widget-text-editor\" data-id=\"6c40a70\" data-element_type=\"widget\" data-e-type=\"widget\" data-settings=\"{&quot;_animation&quot;:&quot;fadeInUp&quot;}\" data-widget_type=\"text-editor.default\">\n\t\t\t\t\t\t\t\t\t<p><span style=\"font-weight: 400;\">Nous vous accompagnons dans la d\u00e9finition de la solution la plus adapt\u00e9e, sur les plans technique, industriel et r\u00e9glementaire, pour d\u00e9velopper un produit parfaitement align\u00e9 avec vos objectifs et les exigences de votre march\u00e9.<\/span><\/p>\t\t\t\t\t\t\t\t<\/div>\n\t\t\t\t<div class=\"elementor-element elementor-element-ed7a0a1 elementor-align-right elementor-invisible elementor-widget elementor-widget-button\" data-id=\"ed7a0a1\" data-element_type=\"widget\" data-e-type=\"widget\" data-settings=\"{&quot;_animation&quot;:&quot;fadeInUp&quot;}\" data-widget_type=\"button.default\">\n\t\t\t\t\t\t\t\t\t\t<a class=\"elementor-button elementor-button-link elementor-size-sm\" href=\"https:\/\/riojanaturepharma.com\/fr\/contact\/\">\n\t\t\t\t\t\t<span class=\"elementor-button-content-wrapper\">\n\t\t\t\t\t\t\t\t\t<span class=\"elementor-button-text\">Contactez-nous<\/span>\n\t\t\t\t\t<\/span>\n\t\t\t\t\t<\/a>\n\t\t\t\t\t\t\t\t<\/div>\n\t\t\t\t\t<\/div>\n\t\t\t\t<\/div>\n\t\t\t\t<\/div>\n\t\t","protected":false},"excerpt":{"rendered":"<p>Nour misons sur la qualit\u00e9 ET LA S\u00c9CURIT\u00c9 ALIMENTAIRE \u00c0 CHAQUE \u00c9TAPE DU PROCESSUS DE PRODUCTION Nos syst\u00e8mes de travail et de contr\u00f4le sont con\u00e7us selon des standards internationaux, int\u00e9grant automatisation, contr\u00f4le num\u00e9rique et protocoles avanc\u00e9s de tra\u00e7abilit\u00e9. Nous d\u00e9ployons une d\u00e9marche d\u2019am\u00e9lioration continue visant \u00e0 analyser et optimiser l\u2019ensemble de nos processus, afin de &#8230; <a title=\"Certifications\" class=\"read-more\" href=\"https:\/\/riojanaturepharma.com\/fr\/certifications\/\" aria-label=\"En savoir plus sur Certifications\">Lire la suite<\/a><\/p>\n","protected":false},"author":1,"featured_media":0,"parent":0,"menu_order":0,"comment_status":"closed","ping_status":"closed","template":"elementor_header_footer","meta":{"footnotes":""},"class_list":["post-4434","page","type-page","status-publish"],"yoast_head":"<!-- This site is optimized with the Yoast SEO plugin v27.5 - https:\/\/yoast.com\/product\/yoast-seo-wordpress\/ -->\n<title>Certifications<\/title>\n<meta name=\"description\" content=\"Certifications\" \/>\n<meta name=\"robots\" content=\"index, follow, max-snippet:-1, max-image-preview:large, max-video-preview:-1\" \/>\n<link rel=\"canonical\" href=\"https:\/\/riojanaturepharma.com\/fr\/certifications\/\" \/>\n<meta property=\"og:locale\" content=\"fr_FR\" \/>\n<meta property=\"og:type\" content=\"article\" \/>\n<meta property=\"og:title\" content=\"Certifications\" \/>\n<meta property=\"og:description\" content=\"Certifications\" \/>\n<meta property=\"og:url\" content=\"https:\/\/riojanaturepharma.com\/fr\/certifications\/\" \/>\n<meta property=\"article:modified_time\" content=\"2026-05-06T17:39:20+00:00\" \/>\n<meta property=\"og:image\" content=\"https:\/\/riojanaturepharma.com\/wp-content\/uploads\/2026\/05\/FR_certificaciones1.jpg\" \/>\n<meta name=\"twitter:card\" content=\"summary_large_image\" \/>\n<meta name=\"twitter:label1\" content=\"Dur\u00e9e de lecture estim\u00e9e\" \/>\n\t<meta name=\"twitter:data1\" content=\"3 minutes\" \/>\n<script type=\"application\/ld+json\" class=\"yoast-schema-graph\">{\"@context\":\"https:\\\/\\\/schema.org\",\"@graph\":[{\"@type\":\"WebPage\",\"@id\":\"https:\\\/\\\/riojanaturepharma.com\\\/fr\\\/certifications\\\/\",\"url\":\"https:\\\/\\\/riojanaturepharma.com\\\/fr\\\/certifications\\\/\",\"name\":\"Certifications\",\"isPartOf\":{\"@id\":\"https:\\\/\\\/riojanaturepharma.com\\\/fr\\\/#website\"},\"primaryImageOfPage\":{\"@id\":\"https:\\\/\\\/riojanaturepharma.com\\\/fr\\\/certifications\\\/#primaryimage\"},\"image\":{\"@id\":\"https:\\\/\\\/riojanaturepharma.com\\\/fr\\\/certifications\\\/#primaryimage\"},\"thumbnailUrl\":\"https:\\\/\\\/riojanaturepharma.com\\\/wp-content\\\/uploads\\\/2026\\\/05\\\/FR_certificaciones1.jpg\",\"datePublished\":\"2026-04-14T16:38:14+00:00\",\"dateModified\":\"2026-05-06T17:39:20+00:00\",\"description\":\"Certifications\",\"breadcrumb\":{\"@id\":\"https:\\\/\\\/riojanaturepharma.com\\\/fr\\\/certifications\\\/#breadcrumb\"},\"inLanguage\":\"fr-FR\",\"potentialAction\":[{\"@type\":\"ReadAction\",\"target\":[\"https:\\\/\\\/riojanaturepharma.com\\\/fr\\\/certifications\\\/\"]}]},{\"@type\":\"ImageObject\",\"inLanguage\":\"fr-FR\",\"@id\":\"https:\\\/\\\/riojanaturepharma.com\\\/fr\\\/certifications\\\/#primaryimage\",\"url\":\"https:\\\/\\\/riojanaturepharma.com\\\/wp-content\\\/uploads\\\/2026\\\/05\\\/FR_certificaciones1.jpg\",\"contentUrl\":\"https:\\\/\\\/riojanaturepharma.com\\\/wp-content\\\/uploads\\\/2026\\\/05\\\/FR_certificaciones1.jpg\"},{\"@type\":\"BreadcrumbList\",\"@id\":\"https:\\\/\\\/riojanaturepharma.com\\\/fr\\\/certifications\\\/#breadcrumb\",\"itemListElement\":[{\"@type\":\"ListItem\",\"position\":1,\"name\":\"Portada\",\"item\":\"https:\\\/\\\/riojanaturepharma.com\\\/fr\\\/\"},{\"@type\":\"ListItem\",\"position\":2,\"name\":\"Certifications\"}]},{\"@type\":\"WebSite\",\"@id\":\"https:\\\/\\\/riojanaturepharma.com\\\/fr\\\/#website\",\"url\":\"https:\\\/\\\/riojanaturepharma.com\\\/fr\\\/\",\"name\":\"Rioja Nature Pharma\",\"description\":\"Laboratorio de Complementos Alimenticios\",\"publisher\":{\"@id\":\"https:\\\/\\\/riojanaturepharma.com\\\/fr\\\/#organization\"},\"alternateName\":\"RNP\",\"potentialAction\":[{\"@type\":\"SearchAction\",\"target\":{\"@type\":\"EntryPoint\",\"urlTemplate\":\"https:\\\/\\\/riojanaturepharma.com\\\/fr\\\/?s={search_term_string}\"},\"query-input\":{\"@type\":\"PropertyValueSpecification\",\"valueRequired\":true,\"valueName\":\"search_term_string\"}}],\"inLanguage\":\"fr-FR\"},{\"@type\":\"Organization\",\"@id\":\"https:\\\/\\\/riojanaturepharma.com\\\/fr\\\/#organization\",\"name\":\"Rioja Nature Pharma\",\"alternateName\":\"RNP\",\"url\":\"https:\\\/\\\/riojanaturepharma.com\\\/fr\\\/\",\"logo\":{\"@type\":\"ImageObject\",\"inLanguage\":\"fr-FR\",\"@id\":\"https:\\\/\\\/riojanaturepharma.com\\\/fr\\\/#\\\/schema\\\/logo\\\/image\\\/\",\"url\":\"https:\\\/\\\/riojanaturepharma.com\\\/wp-content\\\/uploads\\\/2026\\\/04\\\/naturepharma_logo.png\",\"contentUrl\":\"https:\\\/\\\/riojanaturepharma.com\\\/wp-content\\\/uploads\\\/2026\\\/04\\\/naturepharma_logo.png\",\"width\":600,\"height\":104,\"caption\":\"Rioja Nature Pharma\"},\"image\":{\"@id\":\"https:\\\/\\\/riojanaturepharma.com\\\/fr\\\/#\\\/schema\\\/logo\\\/image\\\/\"}}]}<\/script>\n<!-- \/ Yoast SEO plugin. -->","yoast_head_json":{"title":"Certifications","description":"Certifications","robots":{"index":"index","follow":"follow","max-snippet":"max-snippet:-1","max-image-preview":"max-image-preview:large","max-video-preview":"max-video-preview:-1"},"canonical":"https:\/\/riojanaturepharma.com\/fr\/certifications\/","og_locale":"fr_FR","og_type":"article","og_title":"Certifications","og_description":"Certifications","og_url":"https:\/\/riojanaturepharma.com\/fr\/certifications\/","article_modified_time":"2026-05-06T17:39:20+00:00","og_image":[{"url":"https:\/\/riojanaturepharma.com\/wp-content\/uploads\/2026\/05\/FR_certificaciones1.jpg","type":"","width":"","height":""}],"twitter_card":"summary_large_image","twitter_misc":{"Dur\u00e9e de lecture estim\u00e9e":"3 minutes"},"schema":{"@context":"https:\/\/schema.org","@graph":[{"@type":"WebPage","@id":"https:\/\/riojanaturepharma.com\/fr\/certifications\/","url":"https:\/\/riojanaturepharma.com\/fr\/certifications\/","name":"Certifications","isPartOf":{"@id":"https:\/\/riojanaturepharma.com\/fr\/#website"},"primaryImageOfPage":{"@id":"https:\/\/riojanaturepharma.com\/fr\/certifications\/#primaryimage"},"image":{"@id":"https:\/\/riojanaturepharma.com\/fr\/certifications\/#primaryimage"},"thumbnailUrl":"https:\/\/riojanaturepharma.com\/wp-content\/uploads\/2026\/05\/FR_certificaciones1.jpg","datePublished":"2026-04-14T16:38:14+00:00","dateModified":"2026-05-06T17:39:20+00:00","description":"Certifications","breadcrumb":{"@id":"https:\/\/riojanaturepharma.com\/fr\/certifications\/#breadcrumb"},"inLanguage":"fr-FR","potentialAction":[{"@type":"ReadAction","target":["https:\/\/riojanaturepharma.com\/fr\/certifications\/"]}]},{"@type":"ImageObject","inLanguage":"fr-FR","@id":"https:\/\/riojanaturepharma.com\/fr\/certifications\/#primaryimage","url":"https:\/\/riojanaturepharma.com\/wp-content\/uploads\/2026\/05\/FR_certificaciones1.jpg","contentUrl":"https:\/\/riojanaturepharma.com\/wp-content\/uploads\/2026\/05\/FR_certificaciones1.jpg"},{"@type":"BreadcrumbList","@id":"https:\/\/riojanaturepharma.com\/fr\/certifications\/#breadcrumb","itemListElement":[{"@type":"ListItem","position":1,"name":"Portada","item":"https:\/\/riojanaturepharma.com\/fr\/"},{"@type":"ListItem","position":2,"name":"Certifications"}]},{"@type":"WebSite","@id":"https:\/\/riojanaturepharma.com\/fr\/#website","url":"https:\/\/riojanaturepharma.com\/fr\/","name":"Rioja Nature Pharma","description":"Laboratorio de Complementos Alimenticios","publisher":{"@id":"https:\/\/riojanaturepharma.com\/fr\/#organization"},"alternateName":"RNP","potentialAction":[{"@type":"SearchAction","target":{"@type":"EntryPoint","urlTemplate":"https:\/\/riojanaturepharma.com\/fr\/?s={search_term_string}"},"query-input":{"@type":"PropertyValueSpecification","valueRequired":true,"valueName":"search_term_string"}}],"inLanguage":"fr-FR"},{"@type":"Organization","@id":"https:\/\/riojanaturepharma.com\/fr\/#organization","name":"Rioja Nature Pharma","alternateName":"RNP","url":"https:\/\/riojanaturepharma.com\/fr\/","logo":{"@type":"ImageObject","inLanguage":"fr-FR","@id":"https:\/\/riojanaturepharma.com\/fr\/#\/schema\/logo\/image\/","url":"https:\/\/riojanaturepharma.com\/wp-content\/uploads\/2026\/04\/naturepharma_logo.png","contentUrl":"https:\/\/riojanaturepharma.com\/wp-content\/uploads\/2026\/04\/naturepharma_logo.png","width":600,"height":104,"caption":"Rioja Nature Pharma"},"image":{"@id":"https:\/\/riojanaturepharma.com\/fr\/#\/schema\/logo\/image\/"}}]}},"_links":{"self":[{"href":"https:\/\/riojanaturepharma.com\/fr\/wp-json\/wp\/v2\/pages\/4434","targetHints":{"allow":["GET"]}}],"collection":[{"href":"https:\/\/riojanaturepharma.com\/fr\/wp-json\/wp\/v2\/pages"}],"about":[{"href":"https:\/\/riojanaturepharma.com\/fr\/wp-json\/wp\/v2\/types\/page"}],"author":[{"embeddable":true,"href":"https:\/\/riojanaturepharma.com\/fr\/wp-json\/wp\/v2\/users\/1"}],"replies":[{"embeddable":true,"href":"https:\/\/riojanaturepharma.com\/fr\/wp-json\/wp\/v2\/comments?post=4434"}],"version-history":[{"count":14,"href":"https:\/\/riojanaturepharma.com\/fr\/wp-json\/wp\/v2\/pages\/4434\/revisions"}],"predecessor-version":[{"id":4713,"href":"https:\/\/riojanaturepharma.com\/fr\/wp-json\/wp\/v2\/pages\/4434\/revisions\/4713"}],"wp:attachment":[{"href":"https:\/\/riojanaturepharma.com\/fr\/wp-json\/wp\/v2\/media?parent=4434"}],"curies":[{"name":"wp","href":"https:\/\/api.w.org\/{rel}","templated":true}]}}