{"id":4876,"date":"2026-04-18T19:15:45","date_gmt":"2026-04-18T19:15:45","guid":{"rendered":"https:\/\/riojanaturepharma.com\/politica-de-privacidad\/"},"modified":"2026-05-10T09:27:14","modified_gmt":"2026-05-10T09:27:14","slug":"datenschutzerklarung","status":"publish","type":"page","link":"https:\/\/riojanaturepharma.com\/de\/datenschutzerklarung\/","title":{"rendered":"Datenschutzerkl\u00e4rung"},"content":{"rendered":"\t\t<div data-elementor-type=\"wp-page\" data-elementor-id=\"4876\" class=\"elementor elementor-4876 elementor-2117\" data-elementor-post-type=\"page\">\n\t\t\t\t<div class=\"elementor-element elementor-element-f208a4d e-con-full e-flex e-con e-parent\" data-id=\"f208a4d\" data-element_type=\"container\" data-e-type=\"container\" data-settings=\"{&quot;background_background&quot;:&quot;classic&quot;}\">\n\t\t<div class=\"elementor-element elementor-element-0cb7069 e-flex e-con-boxed e-con e-child\" data-id=\"0cb7069\" data-element_type=\"container\" data-e-type=\"container\">\n\t\t\t\t\t<div class=\"e-con-inner\">\n\t\t<div class=\"elementor-element elementor-element-613a506 e-con-full e-flex e-con e-child\" data-id=\"613a506\" data-element_type=\"container\" data-e-type=\"container\">\n\t\t\t\t<div class=\"elementor-element elementor-element-2c714c3 elementor-widget elementor-widget-heading\" data-id=\"2c714c3\" data-element_type=\"widget\" data-e-type=\"widget\" data-widget_type=\"heading.default\">\n\t\t\t\t\t<h2 class=\"elementor-heading-title elementor-size-default\">Pol\u00edtica de privacidad<\/h2>\t\t\t\t<\/div>\n\t\t\t\t<\/div>\n\t\t<div class=\"elementor-element elementor-element-18b2541 e-con-full e-flex e-con e-child\" data-id=\"18b2541\" data-element_type=\"container\" data-e-type=\"container\">\n\t\t\t\t<\/div>\n\t\t\t\t\t<\/div>\n\t\t\t\t<\/div>\n\t\t\t\t<\/div>\n\t\t<div class=\"elementor-element elementor-element-6fdaea6 e-flex e-con-boxed e-con e-parent\" data-id=\"6fdaea6\" data-element_type=\"container\" data-e-type=\"container\" data-settings=\"{&quot;background_background&quot;:&quot;classic&quot;}\">\n\t\t\t\t\t<div class=\"e-con-inner\">\n\t\t<div class=\"elementor-element elementor-element-39e7a70 e-flex e-con-boxed e-con e-child\" data-id=\"39e7a70\" data-element_type=\"container\" data-e-type=\"container\">\n\t\t\t\t\t<div class=\"e-con-inner\">\n\t\t\t\t<div class=\"elementor-element elementor-element-015bb31 elementor-widget elementor-widget-text-editor\" data-id=\"015bb31\" data-element_type=\"widget\" data-e-type=\"widget\" data-widget_type=\"text-editor.default\">\n\t\t\t\t\t\t\t\t\t<p>En RIOJA NATURE PHARMA, S.L. nos preocupamos por la privacidad y la transparencia.<\/p><p>A continuaci\u00f3n, le indicamos en detalle los tratamientos de datos personales que realizamos, as\u00ed como toda la informaci\u00f3n relativa a los mismos.<\/p><p>La navegaci\u00f3n por el sitio web de EL PROPIETARIO DE LA WEB atribuye la condici\u00f3n de usuario del mismo e implica la aceptaci\u00f3n plena y sin reservas de todas y cada una de las disposiciones incluidas en este Aviso Legal, que pueden sufrir cambios.<\/p><p><strong>\u00bfCon qu\u00e9 finalidad tratamos sus datos personales?<\/strong><\/p><p>En RIOJA NATURE PHARMA, S.L. tratamos la informaci\u00f3n que nos facilitan las personas interesadas con el fin de:<\/p><p>Gesti\u00f3n de personal; formaci\u00f3n; prevenci\u00f3n de riesgos laborales y vigilancia de la salud; elaboraci\u00f3n de n\u00f3minas, seguros sociales y cotizaciones.<\/p><p>Realizar la gesti\u00f3n administrativa, contable y fiscal de los servicios solicitados, as\u00ed como enviar comunicaciones comerciales sobre nuestros productos y servicios.<\/p><p>Gestionar los Curriculum Vitae recibidos y realizar los procesos de selecci\u00f3n de personal.<\/p><p>Atender su solicitud y enviarle comunicaciones comerciales, inclusive por v\u00eda electr\u00f3nica sobre nuestros productos y servicios.<\/p><p>Realizar la gesti\u00f3n administrativa, contable y fiscal de los servicios contratados, as\u00ed como de las personas de contacto para el caso de los proveedores.<\/p><p>Recoger im\u00e1genes (videovigilancia) para preservar la seguridad de las personas, bienes e instalaciones.<\/p><p>No se van a tomar decisiones automatizadas en base de datos proporcionados.<\/p><p><strong>\u00bfPor cu\u00e1nto tiempo conservaremos sus datos?<\/strong><\/p><p>Sus datos ser\u00e1n conservados el tiempo imprescindible para cumplir con las obligaciones legales aplicables en la materia y mientras no solicite la supresi\u00f3n de los mismos.<\/p><p><strong>\u00bfCu\u00e1l es la legitimaci\u00f3n para el tratamiento de sus datos?<\/strong><\/p><p>Le indicamos la base legal para el tratamiento de sus datos:<\/p><p><strong>Ejecuci\u00f3n de un contrato:<\/strong> Gesti\u00f3n de personal y formaci\u00f3n, realizar la gesti\u00f3n administrativa, contable y fiscal de los servicios solicitados y atender su solicitud.<\/p><p><strong>Cumplimiento de una obligaci\u00f3n legal:<\/strong> Prevenci\u00f3n de riesgos laborales y vigilancia de la salud; control horario, elaboraci\u00f3n de n\u00f3minas, seguros sociales y cotizaciones.<\/p><p><strong>Inter\u00e9s leg\u00edtimo del Responsable:<\/strong> Enviar comunicaciones comerciales sobre nuestros productos y servicios.<\/p><p><strong>Consentimiento del interesado:<\/strong> Gestionar los Curriculum Vitae recibidos y realizar los procesos de selecci\u00f3n de personal.<\/p><p><strong>Consentimiento del interesado:<\/strong> Enviarle comunicaciones comerciales, inclusive por v\u00eda electr\u00f3nica.<\/p><p><strong>\u00bfA qu\u00e9 destinatarios se comunicar\u00e1n sus datos?<\/strong><\/p><p>No se ceder\u00e1n datos a terceros, salvo obligaci\u00f3n legal.<\/p><p><strong>\u00bfEst\u00e1n previstas las transferencias de datos a terceros pa\u00edses?<\/strong><\/p><p>No est\u00e1n previstas transferencias de datos a terceros pa\u00edses.<\/p><p>Informaci\u00f3n completa sobre Protecci\u00f3n de Datos:<\/p><p><strong>\u00bfQui\u00e9n es el responsable del tratamiento de sus datos?<\/strong><\/p><p><strong>Identidad:<\/strong> RIOJA NATURE PHARMA, S.L.<\/p><p><strong>CIF:<\/strong> B26430918<\/p><p><strong>Direcci\u00f3n postal:<\/strong> c\/ Julio Rey Pastor, 1. Parque empresarial La Maja Ctra. LR-134, Km 6,5 26580 Arnedo. La Rioja (SPAIN)<\/p><p><strong>Tel\u00e9fono:<\/strong> 941152962<\/p><p><strong>Correo electr\u00f3nico:<\/strong> <\/p><p><strong>\u00bfCu\u00e1les son sus derechos cuando nos facilita sus datos?<\/strong><\/p><p>Cualquier persona tiene derecho a obtener confirmaci\u00f3n sobre si en RIOJA NATURE PHARMA, S.L. estamos tratando, o no, datos personales que les conciernan.<\/p><p>Las personas interesadas tienen derecho a acceder a sus datos personales; as\u00ed como, a solicitar la rectificaci\u00f3n de los datos inexactos; o, en su caso, solicitar su supresi\u00f3n cuando, entre otros motivos, los datos ya no sean necesarios para los fines que fueron recogidos. Igualmente tiene derecho a la portabilidad de sus datos.<\/p><p>En determinadas circunstancias, los interesados podr\u00e1n solicitar la limitaci\u00f3n del tratamiento de sus datos, en cuyo caso \u00fanicamente los conservaremos para el ejercicio o la defensa de reclamaciones.<\/p><p>En determinadas circunstancias y por motivos relacionados con su situaci\u00f3n particular, los interesados podr\u00e1n oponerse al tratamiento de sus datos. En este caso, RIOJA NATURE PHARMA, S.L. dejar\u00e1 de tratar los datos; salvo por motivos leg\u00edtimos imperiosos, o el ejercicio o la defensa de posibles reclamaciones.<\/p><p>Cuando se realice el env\u00edo de comunicaciones comerciales utilizando como base jur\u00eddica el inter\u00e9s leg\u00edtimo del responsable, el interesado podr\u00e1 oponerse al tratamiento de sus datos con ese fin.<\/p><p>Podr\u00e1 ejercitar materialmente sus derechos de la siguiente forma: enviando un correo electr\u00f3nico a <\/p><p>Si ha otorgado su consentimiento para alguna finalidad concreta, tiene derecho a retirar el consentimiento otorgado en cualquier momento, sin que ello afecte a la licitud del tratamiento basado en el consentimiento previo a su retirada.<\/p><p>En caso de que sienta vulnerados sus derechos en lo concerniente a la protecci\u00f3n de sus datos personales, especialmente cuando no haya obtenido satisfacci\u00f3n en el ejercicio de sus derechos, puede presentar una reclamaci\u00f3n ante la Autoridad de Control en materia de Protecci\u00f3n de Datos competente a trav\u00e9s de su sitio web: <a href=\"http:\/\/www.agpd.es\/\">www.agpd.es<\/a>.<\/p><p><strong>\u00bfC\u00f3mo hemos obtenido sus datos?<\/strong><\/p><p>Los datos personales que tratamos en RIOJA NATURE PHARMA, S.L. proceden del propio interesado o de su representaste legal.<\/p><p>No se tratan categor\u00edas especiales de datos personales (son aquellos datos que revelen el origen \u00e9tnico o racial, las opiniones pol\u00edticas, las convicciones religiosas o filos\u00f3ficas, o la afiliaci\u00f3n sindical, datos gen\u00e9ticos, datos biom\u00e9tricos dirigidos a identificar de manera un\u00edvoca a una persona f\u00edsica, datos relativos a la salud o datos relativos a la vida sexual o la orientaci\u00f3n sexual de una persona f\u00edsica).<\/p>\t\t\t\t\t\t\t\t<\/div>\n\t\t\t\t\t<\/div>\n\t\t\t\t<\/div>\n\t\t\t\t\t<\/div>\n\t\t\t\t<\/div>\n\t\t\t\t<\/div>\n\t\t","protected":false},"excerpt":{"rendered":"<p>Pol\u00edtica de privacidad En RIOJA NATURE PHARMA, S.L. nos preocupamos por la privacidad y la transparencia. A continuaci\u00f3n, le indicamos en detalle los tratamientos de datos personales que realizamos, as\u00ed como toda la informaci\u00f3n relativa a los mismos. La navegaci\u00f3n por el sitio web de EL PROPIETARIO DE LA WEB atribuye la condici\u00f3n de usuario &#8230; <a title=\"Datenschutzerkl\u00e4rung\" class=\"read-more\" href=\"https:\/\/riojanaturepharma.com\/de\/datenschutzerklarung\/\" aria-label=\"Mehr Informationen \u00fcber Datenschutzerkl\u00e4rung\">Weiterlesen<\/a><\/p>\n","protected":false},"author":1,"featured_media":0,"parent":0,"menu_order":0,"comment_status":"closed","ping_status":"closed","template":"elementor_header_footer","meta":{"footnotes":""},"class_list":["post-4876","page","type-page","status-publish"],"yoast_head":"<!-- This site is optimized with the Yoast SEO plugin v27.5 - https:\/\/yoast.com\/product\/yoast-seo-wordpress\/ -->\n<title>Datenschutzerkl\u00e4rung<\/title>\n<meta name=\"description\" content=\"Datenschutzerkl\u00e4rung\" \/>\n<meta name=\"robots\" content=\"index, follow, max-snippet:-1, max-image-preview:large, max-video-preview:-1\" \/>\n<link rel=\"canonical\" href=\"https:\/\/riojanaturepharma.com\/de\/datenschutzerklarung\/\" \/>\n<meta property=\"og:locale\" content=\"de_DE\" \/>\n<meta property=\"og:type\" content=\"article\" \/>\n<meta property=\"og:title\" content=\"Datenschutzerkl\u00e4rung\" \/>\n<meta property=\"og:description\" content=\"Datenschutzerkl\u00e4rung\" \/>\n<meta property=\"og:url\" content=\"https:\/\/riojanaturepharma.com\/de\/datenschutzerklarung\/\" \/>\n<meta property=\"article:modified_time\" content=\"2026-05-10T09:27:14+00:00\" \/>\n<meta name=\"twitter:card\" content=\"summary_large_image\" \/>\n<meta name=\"twitter:label1\" content=\"Gesch\u00e4tzte Lesezeit\" \/>\n\t<meta name=\"twitter:data1\" content=\"5\u00a0Minuten\" \/>\n<script type=\"application\/ld+json\" class=\"yoast-schema-graph\">{\"@context\":\"https:\\\/\\\/schema.org\",\"@graph\":[{\"@type\":\"WebPage\",\"@id\":\"https:\\\/\\\/riojanaturepharma.com\\\/de\\\/datenschutzerklarung\\\/\",\"url\":\"https:\\\/\\\/riojanaturepharma.com\\\/de\\\/datenschutzerklarung\\\/\",\"name\":\"Datenschutzerkl\u00e4rung\",\"isPartOf\":{\"@id\":\"https:\\\/\\\/riojanaturepharma.com\\\/de\\\/#website\"},\"datePublished\":\"2026-04-18T19:15:45+00:00\",\"dateModified\":\"2026-05-10T09:27:14+00:00\",\"description\":\"Datenschutzerkl\u00e4rung\",\"breadcrumb\":{\"@id\":\"https:\\\/\\\/riojanaturepharma.com\\\/de\\\/datenschutzerklarung\\\/#breadcrumb\"},\"inLanguage\":\"de\",\"potentialAction\":[{\"@type\":\"ReadAction\",\"target\":[\"https:\\\/\\\/riojanaturepharma.com\\\/de\\\/datenschutzerklarung\\\/\"]}]},{\"@type\":\"BreadcrumbList\",\"@id\":\"https:\\\/\\\/riojanaturepharma.com\\\/de\\\/datenschutzerklarung\\\/#breadcrumb\",\"itemListElement\":[{\"@type\":\"ListItem\",\"position\":1,\"name\":\"Portada\",\"item\":\"https:\\\/\\\/riojanaturepharma.com\\\/de\\\/\"},{\"@type\":\"ListItem\",\"position\":2,\"name\":\"Datenschutzerkl\u00e4rung\"}]},{\"@type\":\"WebSite\",\"@id\":\"https:\\\/\\\/riojanaturepharma.com\\\/de\\\/#website\",\"url\":\"https:\\\/\\\/riojanaturepharma.com\\\/de\\\/\",\"name\":\"Rioja Nature Pharma\",\"description\":\"Laboratorio de Complementos Alimenticios\",\"publisher\":{\"@id\":\"https:\\\/\\\/riojanaturepharma.com\\\/de\\\/#organization\"},\"alternateName\":\"RNP\",\"potentialAction\":[{\"@type\":\"SearchAction\",\"target\":{\"@type\":\"EntryPoint\",\"urlTemplate\":\"https:\\\/\\\/riojanaturepharma.com\\\/de\\\/?s={search_term_string}\"},\"query-input\":{\"@type\":\"PropertyValueSpecification\",\"valueRequired\":true,\"valueName\":\"search_term_string\"}}],\"inLanguage\":\"de\"},{\"@type\":\"Organization\",\"@id\":\"https:\\\/\\\/riojanaturepharma.com\\\/de\\\/#organization\",\"name\":\"Rioja Nature Pharma\",\"alternateName\":\"RNP\",\"url\":\"https:\\\/\\\/riojanaturepharma.com\\\/de\\\/\",\"logo\":{\"@type\":\"ImageObject\",\"inLanguage\":\"de\",\"@id\":\"https:\\\/\\\/riojanaturepharma.com\\\/de\\\/#\\\/schema\\\/logo\\\/image\\\/\",\"url\":\"https:\\\/\\\/riojanaturepharma.com\\\/wp-content\\\/uploads\\\/2026\\\/04\\\/naturepharma_logo.png\",\"contentUrl\":\"https:\\\/\\\/riojanaturepharma.com\\\/wp-content\\\/uploads\\\/2026\\\/04\\\/naturepharma_logo.png\",\"width\":600,\"height\":104,\"caption\":\"Rioja Nature Pharma\"},\"image\":{\"@id\":\"https:\\\/\\\/riojanaturepharma.com\\\/de\\\/#\\\/schema\\\/logo\\\/image\\\/\"}}]}<\/script>\n<!-- \/ Yoast SEO plugin. -->","yoast_head_json":{"title":"Datenschutzerkl\u00e4rung","description":"Datenschutzerkl\u00e4rung","robots":{"index":"index","follow":"follow","max-snippet":"max-snippet:-1","max-image-preview":"max-image-preview:large","max-video-preview":"max-video-preview:-1"},"canonical":"https:\/\/riojanaturepharma.com\/de\/datenschutzerklarung\/","og_locale":"de_DE","og_type":"article","og_title":"Datenschutzerkl\u00e4rung","og_description":"Datenschutzerkl\u00e4rung","og_url":"https:\/\/riojanaturepharma.com\/de\/datenschutzerklarung\/","article_modified_time":"2026-05-10T09:27:14+00:00","twitter_card":"summary_large_image","twitter_misc":{"Gesch\u00e4tzte Lesezeit":"5\u00a0Minuten"},"schema":{"@context":"https:\/\/schema.org","@graph":[{"@type":"WebPage","@id":"https:\/\/riojanaturepharma.com\/de\/datenschutzerklarung\/","url":"https:\/\/riojanaturepharma.com\/de\/datenschutzerklarung\/","name":"Datenschutzerkl\u00e4rung","isPartOf":{"@id":"https:\/\/riojanaturepharma.com\/de\/#website"},"datePublished":"2026-04-18T19:15:45+00:00","dateModified":"2026-05-10T09:27:14+00:00","description":"Datenschutzerkl\u00e4rung","breadcrumb":{"@id":"https:\/\/riojanaturepharma.com\/de\/datenschutzerklarung\/#breadcrumb"},"inLanguage":"de","potentialAction":[{"@type":"ReadAction","target":["https:\/\/riojanaturepharma.com\/de\/datenschutzerklarung\/"]}]},{"@type":"BreadcrumbList","@id":"https:\/\/riojanaturepharma.com\/de\/datenschutzerklarung\/#breadcrumb","itemListElement":[{"@type":"ListItem","position":1,"name":"Portada","item":"https:\/\/riojanaturepharma.com\/de\/"},{"@type":"ListItem","position":2,"name":"Datenschutzerkl\u00e4rung"}]},{"@type":"WebSite","@id":"https:\/\/riojanaturepharma.com\/de\/#website","url":"https:\/\/riojanaturepharma.com\/de\/","name":"Rioja Nature Pharma","description":"Laboratorio de Complementos Alimenticios","publisher":{"@id":"https:\/\/riojanaturepharma.com\/de\/#organization"},"alternateName":"RNP","potentialAction":[{"@type":"SearchAction","target":{"@type":"EntryPoint","urlTemplate":"https:\/\/riojanaturepharma.com\/de\/?s={search_term_string}"},"query-input":{"@type":"PropertyValueSpecification","valueRequired":true,"valueName":"search_term_string"}}],"inLanguage":"de"},{"@type":"Organization","@id":"https:\/\/riojanaturepharma.com\/de\/#organization","name":"Rioja Nature Pharma","alternateName":"RNP","url":"https:\/\/riojanaturepharma.com\/de\/","logo":{"@type":"ImageObject","inLanguage":"de","@id":"https:\/\/riojanaturepharma.com\/de\/#\/schema\/logo\/image\/","url":"https:\/\/riojanaturepharma.com\/wp-content\/uploads\/2026\/04\/naturepharma_logo.png","contentUrl":"https:\/\/riojanaturepharma.com\/wp-content\/uploads\/2026\/04\/naturepharma_logo.png","width":600,"height":104,"caption":"Rioja Nature Pharma"},"image":{"@id":"https:\/\/riojanaturepharma.com\/de\/#\/schema\/logo\/image\/"}}]}},"_links":{"self":[{"href":"https:\/\/riojanaturepharma.com\/de\/wp-json\/wp\/v2\/pages\/4876","targetHints":{"allow":["GET"]}}],"collection":[{"href":"https:\/\/riojanaturepharma.com\/de\/wp-json\/wp\/v2\/pages"}],"about":[{"href":"https:\/\/riojanaturepharma.com\/de\/wp-json\/wp\/v2\/types\/page"}],"author":[{"embeddable":true,"href":"https:\/\/riojanaturepharma.com\/de\/wp-json\/wp\/v2\/users\/1"}],"replies":[{"embeddable":true,"href":"https:\/\/riojanaturepharma.com\/de\/wp-json\/wp\/v2\/comments?post=4876"}],"version-history":[{"count":2,"href":"https:\/\/riojanaturepharma.com\/de\/wp-json\/wp\/v2\/pages\/4876\/revisions"}],"predecessor-version":[{"id":5001,"href":"https:\/\/riojanaturepharma.com\/de\/wp-json\/wp\/v2\/pages\/4876\/revisions\/5001"}],"wp:attachment":[{"href":"https:\/\/riojanaturepharma.com\/de\/wp-json\/wp\/v2\/media?parent=4876"}],"curies":[{"name":"wp","href":"https:\/\/api.w.org\/{rel}","templated":true}]}}