{"id":4834,"date":"2026-04-15T18:06:12","date_gmt":"2026-04-15T18:06:12","guid":{"rendered":"https:\/\/riojanaturepharma.com\/kontakt\/"},"modified":"2026-05-10T11:53:41","modified_gmt":"2026-05-10T11:53:41","slug":"kontakt","status":"publish","type":"page","link":"https:\/\/riojanaturepharma.com\/de\/kontakt\/","title":{"rendered":"Kontakt"},"content":{"rendered":"\t\t<div data-elementor-type=\"wp-page\" data-elementor-id=\"4834\" class=\"elementor elementor-4834 elementor-1177\" data-elementor-post-type=\"page\">\n\t\t\t\t<div class=\"elementor-element elementor-element-f208a4d e-con-full e-flex e-con e-parent\" data-id=\"f208a4d\" data-element_type=\"container\" data-e-type=\"container\" data-settings=\"{&quot;background_background&quot;:&quot;classic&quot;}\">\n\t\t<div class=\"elementor-element elementor-element-b677f33 e-con-full e-flex elementor-invisible e-con e-child\" data-id=\"b677f33\" data-element_type=\"container\" data-e-type=\"container\" data-settings=\"{&quot;background_background&quot;:&quot;video&quot;,&quot;background_video_link&quot;:&quot;https:\\\/\\\/pub-be8be327e3a84ea28d1a446c4f74ff43.r2.dev\\\/contacto_v1%20(720p).mp4&quot;,&quot;animation&quot;:&quot;fadeInLeft&quot;,&quot;background_play_on_mobile&quot;:&quot;yes&quot;}\">\n\t\t<div class=\"elementor-background-video-container\">\n\t\t\t\t\t\t\t<video class=\"elementor-background-video-hosted\" role=\"presentation\" autoplay muted playsinline loop><\/video>\n\t\t\t\t\t<\/div>\t\t<div class=\"elementor-element elementor-element-542a6bb elementor-widget__width-initial elementor-widget elementor-widget-heading\" data-id=\"542a6bb\" data-element_type=\"widget\" data-e-type=\"widget\" data-widget_type=\"heading.default\">\n\t\t\t\t\t<p class=\"elementor-heading-title elementor-size-default\">Wir m\u00f6chten Ihnen bei Ihrem Projekt helfen<\/p>\t\t\t\t<\/div>\n\t\t\t\t<div class=\"elementor-element elementor-element-b257617 elementor-widget__width-initial elementor-widget elementor-widget-heading\" data-id=\"b257617\" data-element_type=\"widget\" data-e-type=\"widget\" data-widget_type=\"heading.default\">\n\t\t\t\t\t<p class=\"elementor-heading-title elementor-size-default\">Wir unterst\u00fctzen Sie dabei, die beste technische, produktionstechnische und regulatorische L\u00f6sung zu finden, um ein Produkt zu entwickeln, das auf Ihre Ziele und Ihren Markt zugeschnitten ist.<\/p>\t\t\t\t<\/div>\n\t\t\t\t<\/div>\n\t\t<div class=\"elementor-element elementor-element-c8ac836 e-con-full e-flex elementor-invisible e-con e-child\" data-id=\"c8ac836\" data-element_type=\"container\" data-e-type=\"container\" data-settings=\"{&quot;animation&quot;:&quot;fadeInRight&quot;}\">\n\t\t\t\t<div class=\"elementor-element elementor-element-56f58e3 elementor-widget__width-initial elementor-widget elementor-widget-shortcode\" data-id=\"56f58e3\" data-element_type=\"widget\" data-e-type=\"widget\" id=\"formweb\" data-widget_type=\"shortcode.default\">\n\t\t\t\t\t\t\t<div class=\"elementor-shortcode\">\n<div class=\"wpcf7 no-js\" id=\"wpcf7-f5219-o1\" lang=\"de-DE\" dir=\"ltr\" data-wpcf7-id=\"5219\">\n<div class=\"screen-reader-response\"><p role=\"status\" aria-live=\"polite\" aria-atomic=\"true\"><\/p> <ul><\/ul><\/div>\n<form action=\"\/de\/wp-json\/wp\/v2\/pages\/4834#wpcf7-f5219-o1\" method=\"post\" class=\"wpcf7-form init\" aria-label=\"Kontaktformular\" novalidate=\"novalidate\" data-status=\"init\">\n<fieldset class=\"hidden-fields-container\"><input type=\"hidden\" name=\"_wpcf7\" value=\"5219\" \/><input type=\"hidden\" name=\"_wpcf7_version\" value=\"6.1.5\" \/><input type=\"hidden\" name=\"_wpcf7_locale\" value=\"de_DE\" \/><input type=\"hidden\" name=\"_wpcf7_unit_tag\" value=\"wpcf7-f5219-o1\" \/><input type=\"hidden\" name=\"_wpcf7_container_post\" value=\"0\" \/><input type=\"hidden\" name=\"_wpcf7_posted_data_hash\" value=\"\" \/>\n<\/fieldset>\n<div class=\"cf7-custom-grid\">\n\t<div class=\"cf7-field\">\n\t\t<p><label>Vor- und Nachname*<\/label><br \/>\n<span class=\"wpcf7-form-control-wrap\" data-name=\"your-name\"><input size=\"40\" maxlength=\"400\" class=\"wpcf7-form-control wpcf7-text wpcf7-validates-as-required\" aria-required=\"true\" aria-invalid=\"false\" value=\"\" type=\"text\" name=\"your-name\" \/><\/span>\n\t\t<\/p>\n\t<\/div>\n\t<div class=\"cf7-field\">\n\t\t<p><label>E-Mail-Adresse*<\/label><br \/>\n<span class=\"wpcf7-form-control-wrap\" data-name=\"your-email\"><input size=\"40\" maxlength=\"400\" class=\"wpcf7-form-control wpcf7-email wpcf7-validates-as-required wpcf7-text wpcf7-validates-as-email\" aria-required=\"true\" aria-invalid=\"false\" value=\"\" type=\"email\" name=\"your-email\" \/><\/span>\n\t\t<\/p>\n\t<\/div>\n\t<div class=\"cf7-field\">\n\t\t<p><label>Unternehmen*<\/label><br \/>\n<span class=\"wpcf7-form-control-wrap\" data-name=\"your-company\"><input size=\"40\" maxlength=\"400\" class=\"wpcf7-form-control wpcf7-text wpcf7-validates-as-required\" aria-required=\"true\" aria-invalid=\"false\" value=\"\" type=\"text\" name=\"your-company\" \/><\/span>\n\t\t<\/p>\n\t<\/div>\n\t<div class=\"cf7-field\">\n\t\t<p><label>Webseite*<\/label><br \/>\n<span class=\"wpcf7-form-control-wrap\" data-name=\"your-web\"><input size=\"40\" maxlength=\"400\" class=\"wpcf7-form-control wpcf7-text wpcf7-validates-as-required\" aria-required=\"true\" aria-invalid=\"false\" value=\"\" type=\"text\" name=\"your-web\" \/><\/span>\n\t\t<\/p>\n\t<\/div>\n\t<div class=\"cf7-field\">\n\t\t<p><label>Land*<\/label><br \/>\n<span class=\"wpcf7-form-control-wrap\" data-name=\"your-country\"><input size=\"40\" maxlength=\"400\" class=\"wpcf7-form-control wpcf7-text wpcf7-validates-as-required\" aria-required=\"true\" aria-invalid=\"false\" value=\"\" type=\"text\" name=\"your-country\" \/><\/span>\n\t\t<\/p>\n\t<\/div>\n\t<div class=\"cf7-field\">\n\t\t<p><label>Telefon*<\/label><br \/>\n<span class=\"wpcf7-form-control-wrap\" data-name=\"your-phone\"><input size=\"40\" maxlength=\"400\" class=\"wpcf7-form-control wpcf7-tel wpcf7-validates-as-required wpcf7-text wpcf7-validates-as-tel\" aria-required=\"true\" aria-invalid=\"false\" value=\"\" type=\"tel\" name=\"your-phone\" \/><\/span>\n\t\t<\/p>\n\t<\/div>\n\t<div class=\"cf7-field\">\n\t\t<p><label>Steuernummer \/ USt-IdNr.*<\/label><br \/>\n<span class=\"wpcf7-form-control-wrap\" data-name=\"your-cif\"><input size=\"40\" maxlength=\"400\" class=\"wpcf7-form-control wpcf7-text wpcf7-validates-as-required\" aria-required=\"true\" aria-invalid=\"false\" value=\"\" type=\"text\" name=\"your-cif\" \/><\/span>\n\t\t<\/p>\n\t<\/div>\n\t<div class=\"cf7-field radio-field\">\n\t\t<p><label>Projektart *<\/label>\n\t\t<\/p>\n\t\t<div class=\"espaciotipoproyecto\">\n\t\t<\/div>\n\t\t<p><span class=\"wpcf7-form-control-wrap\" data-name=\"tipo-proyecto\"><span class=\"wpcf7-form-control wpcf7-radio\"><span class=\"wpcf7-list-item first\"><label><input type=\"radio\" name=\"tipo-proyecto\" value=\"Nahrungserg\u00e4nzungsmittel\" checked=\"checked\" \/><span class=\"wpcf7-list-item-label\">Nahrungserg\u00e4nzungsmittel<\/span><\/label><\/span><span class=\"wpcf7-list-item last\"><label><input type=\"radio\" name=\"tipo-proyecto\" value=\"Softgel-Kapseln\" \/><span class=\"wpcf7-list-item-label\">Softgel-Kapseln<\/span><\/label><\/span><\/span><\/span>\n\t\t<\/p>\n\t<\/div>\n\t<div class=\"cf7-field full-width mensajeweb\">\n\t\t<p><label>Nachricht*<\/label><br \/>\n<span class=\"wpcf7-form-control-wrap\" data-name=\"your-message\"><textarea cols=\"40\" rows=\"10\" maxlength=\"2000\" class=\"wpcf7-form-control wpcf7-textarea wpcf7-validates-as-required\" aria-required=\"true\" aria-invalid=\"false\" name=\"your-message\"><\/textarea><\/span>\n\t\t<\/p>\n\t<\/div>\n\t<div class=\"cf7-field full-width checkboxes politicas\">\n\t\t<p><span class=\"wpcf7-form-control-wrap\" data-name=\"privacidad\"><span class=\"wpcf7-form-control wpcf7-acceptance\"><span class=\"wpcf7-list-item\"><label><input type=\"checkbox\" name=\"privacidad\" value=\"1\" aria-invalid=\"false\" \/><span class=\"wpcf7-list-item-label\">Ich stimme der Datenschutzerkl\u00e4rung zu<\/span><\/label><\/span><\/span><\/span><br \/>\n<span class=\"wpcf7-form-control-wrap\" data-name=\"newsletter\"><span class=\"wpcf7-form-control wpcf7-acceptance optional\"><span class=\"wpcf7-list-item\"><label><input type=\"checkbox\" name=\"newsletter\" value=\"1\" aria-invalid=\"false\" \/><span class=\"wpcf7-list-item-label\">Ich m\u00f6chte den Newsletter abonnieren, um Informationen \u00fcber die neuesten Trends und Entwicklungen in der Nutrazeutikabranche zu erhalten<\/span><\/label><\/span><\/span><\/span>\n\t\t<\/p>\n\t<\/div>\n\t<div class=\"cf7-field full-width\">\n\t\t<p><input class=\"wpcf7-form-control wpcf7-submit has-spinner\" type=\"submit\" value=\"Formular absenden\" \/>\n\t\t<\/p>\n\t<\/div>\n<\/div><div class=\"wpcf7-response-output\" aria-hidden=\"true\"><\/div>\n<\/form>\n<\/div>\n<\/div>\n\t\t\t\t\t\t<\/div>\n\t\t\t\t<\/div>\n\t\t\t\t<\/div>\n\t\t\t\t<\/div>\n\t\t","protected":false},"excerpt":{"rendered":"<p>Wir m\u00f6chten Ihnen bei Ihrem Projekt helfen Wir unterst\u00fctzen Sie dabei, die beste technische, produktionstechnische und regulatorische L\u00f6sung zu finden, um ein Produkt zu entwickeln, das auf Ihre Ziele und Ihren Markt zugeschnitten ist.<\/p>\n","protected":false},"author":1,"featured_media":0,"parent":0,"menu_order":0,"comment_status":"closed","ping_status":"closed","template":"elementor_header_footer","meta":{"footnotes":""},"class_list":["post-4834","page","type-page","status-publish"],"yoast_head":"<!-- This site is optimized with the Yoast SEO plugin v27.5 - https:\/\/yoast.com\/product\/yoast-seo-wordpress\/ -->\n<title>Kontakt<\/title>\n<meta name=\"description\" content=\"Kontakt\" \/>\n<meta name=\"robots\" content=\"index, follow, max-snippet:-1, max-image-preview:large, max-video-preview:-1\" \/>\n<link rel=\"canonical\" href=\"https:\/\/riojanaturepharma.com\/de\/kontakt\/\" \/>\n<meta property=\"og:locale\" content=\"de_DE\" \/>\n<meta property=\"og:type\" content=\"article\" \/>\n<meta property=\"og:title\" content=\"Kontakt\" \/>\n<meta property=\"og:description\" content=\"Kontakt\" \/>\n<meta property=\"og:url\" content=\"https:\/\/riojanaturepharma.com\/de\/kontakt\/\" \/>\n<meta property=\"article:modified_time\" content=\"2026-05-10T11:53:41+00:00\" \/>\n<meta name=\"twitter:card\" content=\"summary_large_image\" \/>\n<meta name=\"twitter:label1\" content=\"Gesch\u00e4tzte Lesezeit\" \/>\n\t<meta name=\"twitter:data1\" content=\"1\u00a0Minute\" \/>\n<script type=\"application\/ld+json\" class=\"yoast-schema-graph\">{\"@context\":\"https:\\\/\\\/schema.org\",\"@graph\":[{\"@type\":\"WebPage\",\"@id\":\"https:\\\/\\\/riojanaturepharma.com\\\/de\\\/kontakt\\\/\",\"url\":\"https:\\\/\\\/riojanaturepharma.com\\\/de\\\/kontakt\\\/\",\"name\":\"Kontakt\",\"isPartOf\":{\"@id\":\"https:\\\/\\\/riojanaturepharma.com\\\/de\\\/#website\"},\"datePublished\":\"2026-04-15T18:06:12+00:00\",\"dateModified\":\"2026-05-10T11:53:41+00:00\",\"description\":\"Kontakt\",\"breadcrumb\":{\"@id\":\"https:\\\/\\\/riojanaturepharma.com\\\/de\\\/kontakt\\\/#breadcrumb\"},\"inLanguage\":\"de\",\"potentialAction\":[{\"@type\":\"ReadAction\",\"target\":[\"https:\\\/\\\/riojanaturepharma.com\\\/de\\\/kontakt\\\/\"]}]},{\"@type\":\"BreadcrumbList\",\"@id\":\"https:\\\/\\\/riojanaturepharma.com\\\/de\\\/kontakt\\\/#breadcrumb\",\"itemListElement\":[{\"@type\":\"ListItem\",\"position\":1,\"name\":\"Portada\",\"item\":\"https:\\\/\\\/riojanaturepharma.com\\\/de\\\/\"},{\"@type\":\"ListItem\",\"position\":2,\"name\":\"Kontakt\"}]},{\"@type\":\"WebSite\",\"@id\":\"https:\\\/\\\/riojanaturepharma.com\\\/de\\\/#website\",\"url\":\"https:\\\/\\\/riojanaturepharma.com\\\/de\\\/\",\"name\":\"Rioja Nature Pharma\",\"description\":\"Laboratorio de Complementos Alimenticios\",\"publisher\":{\"@id\":\"https:\\\/\\\/riojanaturepharma.com\\\/de\\\/#organization\"},\"alternateName\":\"RNP\",\"potentialAction\":[{\"@type\":\"SearchAction\",\"target\":{\"@type\":\"EntryPoint\",\"urlTemplate\":\"https:\\\/\\\/riojanaturepharma.com\\\/de\\\/?s={search_term_string}\"},\"query-input\":{\"@type\":\"PropertyValueSpecification\",\"valueRequired\":true,\"valueName\":\"search_term_string\"}}],\"inLanguage\":\"de\"},{\"@type\":\"Organization\",\"@id\":\"https:\\\/\\\/riojanaturepharma.com\\\/de\\\/#organization\",\"name\":\"Rioja Nature Pharma\",\"alternateName\":\"RNP\",\"url\":\"https:\\\/\\\/riojanaturepharma.com\\\/de\\\/\",\"logo\":{\"@type\":\"ImageObject\",\"inLanguage\":\"de\",\"@id\":\"https:\\\/\\\/riojanaturepharma.com\\\/de\\\/#\\\/schema\\\/logo\\\/image\\\/\",\"url\":\"https:\\\/\\\/riojanaturepharma.com\\\/wp-content\\\/uploads\\\/2026\\\/04\\\/naturepharma_logo.png\",\"contentUrl\":\"https:\\\/\\\/riojanaturepharma.com\\\/wp-content\\\/uploads\\\/2026\\\/04\\\/naturepharma_logo.png\",\"width\":600,\"height\":104,\"caption\":\"Rioja Nature Pharma\"},\"image\":{\"@id\":\"https:\\\/\\\/riojanaturepharma.com\\\/de\\\/#\\\/schema\\\/logo\\\/image\\\/\"}}]}<\/script>\n<!-- \/ Yoast SEO plugin. -->","yoast_head_json":{"title":"Kontakt","description":"Kontakt","robots":{"index":"index","follow":"follow","max-snippet":"max-snippet:-1","max-image-preview":"max-image-preview:large","max-video-preview":"max-video-preview:-1"},"canonical":"https:\/\/riojanaturepharma.com\/de\/kontakt\/","og_locale":"de_DE","og_type":"article","og_title":"Kontakt","og_description":"Kontakt","og_url":"https:\/\/riojanaturepharma.com\/de\/kontakt\/","article_modified_time":"2026-05-10T11:53:41+00:00","twitter_card":"summary_large_image","twitter_misc":{"Gesch\u00e4tzte Lesezeit":"1\u00a0Minute"},"schema":{"@context":"https:\/\/schema.org","@graph":[{"@type":"WebPage","@id":"https:\/\/riojanaturepharma.com\/de\/kontakt\/","url":"https:\/\/riojanaturepharma.com\/de\/kontakt\/","name":"Kontakt","isPartOf":{"@id":"https:\/\/riojanaturepharma.com\/de\/#website"},"datePublished":"2026-04-15T18:06:12+00:00","dateModified":"2026-05-10T11:53:41+00:00","description":"Kontakt","breadcrumb":{"@id":"https:\/\/riojanaturepharma.com\/de\/kontakt\/#breadcrumb"},"inLanguage":"de","potentialAction":[{"@type":"ReadAction","target":["https:\/\/riojanaturepharma.com\/de\/kontakt\/"]}]},{"@type":"BreadcrumbList","@id":"https:\/\/riojanaturepharma.com\/de\/kontakt\/#breadcrumb","itemListElement":[{"@type":"ListItem","position":1,"name":"Portada","item":"https:\/\/riojanaturepharma.com\/de\/"},{"@type":"ListItem","position":2,"name":"Kontakt"}]},{"@type":"WebSite","@id":"https:\/\/riojanaturepharma.com\/de\/#website","url":"https:\/\/riojanaturepharma.com\/de\/","name":"Rioja Nature Pharma","description":"Laboratorio de Complementos Alimenticios","publisher":{"@id":"https:\/\/riojanaturepharma.com\/de\/#organization"},"alternateName":"RNP","potentialAction":[{"@type":"SearchAction","target":{"@type":"EntryPoint","urlTemplate":"https:\/\/riojanaturepharma.com\/de\/?s={search_term_string}"},"query-input":{"@type":"PropertyValueSpecification","valueRequired":true,"valueName":"search_term_string"}}],"inLanguage":"de"},{"@type":"Organization","@id":"https:\/\/riojanaturepharma.com\/de\/#organization","name":"Rioja Nature Pharma","alternateName":"RNP","url":"https:\/\/riojanaturepharma.com\/de\/","logo":{"@type":"ImageObject","inLanguage":"de","@id":"https:\/\/riojanaturepharma.com\/de\/#\/schema\/logo\/image\/","url":"https:\/\/riojanaturepharma.com\/wp-content\/uploads\/2026\/04\/naturepharma_logo.png","contentUrl":"https:\/\/riojanaturepharma.com\/wp-content\/uploads\/2026\/04\/naturepharma_logo.png","width":600,"height":104,"caption":"Rioja Nature Pharma"},"image":{"@id":"https:\/\/riojanaturepharma.com\/de\/#\/schema\/logo\/image\/"}}]}},"_links":{"self":[{"href":"https:\/\/riojanaturepharma.com\/de\/wp-json\/wp\/v2\/pages\/4834","targetHints":{"allow":["GET"]}}],"collection":[{"href":"https:\/\/riojanaturepharma.com\/de\/wp-json\/wp\/v2\/pages"}],"about":[{"href":"https:\/\/riojanaturepharma.com\/de\/wp-json\/wp\/v2\/types\/page"}],"author":[{"embeddable":true,"href":"https:\/\/riojanaturepharma.com\/de\/wp-json\/wp\/v2\/users\/1"}],"replies":[{"embeddable":true,"href":"https:\/\/riojanaturepharma.com\/de\/wp-json\/wp\/v2\/comments?post=4834"}],"version-history":[{"count":11,"href":"https:\/\/riojanaturepharma.com\/de\/wp-json\/wp\/v2\/pages\/4834\/revisions"}],"predecessor-version":[{"id":5392,"href":"https:\/\/riojanaturepharma.com\/de\/wp-json\/wp\/v2\/pages\/4834\/revisions\/5392"}],"wp:attachment":[{"href":"https:\/\/riojanaturepharma.com\/de\/wp-json\/wp\/v2\/media?parent=4834"}],"curies":[{"name":"wp","href":"https:\/\/api.w.org\/{rel}","templated":true}]}}